{"id":961,"date":"2023-12-11T16:09:39","date_gmt":"2023-12-11T16:09:39","guid":{"rendered":"https:\/\/anuario2023.torrefuerte.bo\/?page_id=961"},"modified":"2023-12-13T17:09:41","modified_gmt":"2023-12-13T17:09:41","slug":"proyeccion-de-peliculas-inspiradoras","status":"publish","type":"page","link":"https:\/\/anuario2023.torrefuerte.bo\/index.php\/proyeccion-de-peliculas-inspiradoras\/","title":{"rendered":"Proyecci\u00f3n de Pel\u00edculas Inspiradoras"},"content":{"rendered":"\n<p class=\"has-text-align-center\"><strong>Un Impacto Profundo en la Red Holy<\/strong><\/p>\n\n\n\n<p>La <strong>Red Holy<\/strong> vivi\u00f3 una experiencia \u00fanica al disfrutar de la proyecci\u00f3n de dos pel\u00edculas que motivaron a los j\u00f3venes a renovar su compromiso con los valores cristianos. Estas pel\u00edculas sirvieron de inspiraci\u00f3n para vivir de acuerdo con el ejemplo de Jes\u00fas en su vida diaria, alentando a la audiencia a comprometerse a\u00fan m\u00e1s con la misi\u00f3n de compartir el amor y la verdad de Jesucristo en cada aspecto de su vida cotidiana.<\/p>\n\n\n\n<p>Ambas producciones cinematogr\u00e1ficas motivaron a los j\u00f3venes a convertirse en portadores activos del mensaje de esperanza y redenci\u00f3n. Fomentaron el deseo de llevar la luz de Cristo a cada rinc\u00f3n de sus vidas y entorno, fortaleciendo as\u00ed el prop\u00f3sito de la <strong>Red Holy<\/strong> en su misi\u00f3n de impactar positivamente en la comunidad.<\/p>\n\n\n\n<figure class=\"wp-block-embed is-type-video is-provider-youtube wp-block-embed-youtube wp-embed-aspect-16-9 wp-has-aspect-ratio\"><div class=\"wp-block-embed__wrapper\">\n<iframe title=\"Peliculas Holy U\" width=\"1170\" height=\"658\" src=\"https:\/\/www.youtube.com\/embed\/vRsKf4oNrgQ?feature=oembed\" frameborder=\"0\" allow=\"accelerometer; autoplay; clipboard-write; encrypted-media; gyroscope; picture-in-picture; web-share\" allowfullscreen><\/iframe>\n<\/div><\/figure>\n\n\n<div  id=\"jtg-964\" class=\"modula modula-gallery modula-creative-gallery\" data-config=\"{&quot;height&quot;:800,&quot;tabletHeight&quot;:800,&quot;mobileHeight&quot;:800,&quot;desktopHeight&quot;:800,&quot;enableTwitter&quot;:false,&quot;enableWhatsapp&quot;:false,&quot;enableFacebook&quot;:false,&quot;enablePinterest&quot;:false,&quot;enableLinkedin&quot;:false,&quot;enableEmail&quot;:false,&quot;randomFactor&quot;:0.5,&quot;type&quot;:&quot;creative-gallery&quot;,&quot;columns&quot;:12,&quot;gutter&quot;:6,&quot;mobileGutter&quot;:3,&quot;tabletGutter&quot;:3,&quot;desktopGutter&quot;:6,&quot;enableResponsive&quot;:&quot;0&quot;,&quot;tabletColumns&quot;:&quot;2&quot;,&quot;mobileColumns&quot;:&quot;1&quot;,&quot;lazyLoad&quot;:0,&quot;lightboxOpts&quot;:{&quot;animated&quot;:true,&quot;Thumbs&quot;:{&quot;type&quot;:&quot;modern&quot;,&quot;showOnStart&quot;:false},&quot;Toolbar&quot;:{&quot;display&quot;:{&quot;right&quot;:[&quot;close&quot;]},&quot;enabled&quot;:true},&quot;Carousel&quot;:{&quot;Panzoom&quot;:{&quot;touch&quot;:true},&quot;infinite&quot;:false},&quot;keyboard&quot;:{&quot;Escape&quot;:&quot;close&quot;,&quot;Delete&quot;:&quot;close&quot;,&quot;Backspace&quot;:&quot;close&quot;,&quot;PageUp&quot;:false,&quot;PageDown&quot;:false,&quot;ArrowUp&quot;:false,&quot;ArrowDown&quot;:false,&quot;ArrowRight&quot;:false,&quot;ArrowLeft&quot;:false},&quot;touch&quot;:false,&quot;backdropClick&quot;:false,&quot;l10n&quot;:{&quot;CLOSE&quot;:&quot;Close&quot;,&quot;NEXT&quot;:&quot;Next&quot;,&quot;PREV&quot;:&quot;Previous&quot;,&quot;Error&quot;:&quot;The requested content cannot be loaded. Please try again later.&quot;,&quot;PLAY_START&quot;:&quot;Start slideshow&quot;,&quot;PLAY_STOP&quot;:&quot;Pause slideshow&quot;,&quot;FULL_SCREEN&quot;:&quot;Full screen&quot;,&quot;THUMBS&quot;:&quot;Thumbnails&quot;,&quot;DOWNLOAD&quot;:&quot;Download&quot;,&quot;SHARE&quot;:&quot;Share&quot;,&quot;ZOOM&quot;:&quot;Zoom&quot;,&quot;EMAIL&quot;:&quot;Here is the link to the image : %%image_link%% and this is the link to the gallery : %%gallery_link%%&quot;,&quot;MODAL&quot;:&quot;You can close this modal content with the ESC key&quot;,&quot;ERROR&quot;:&quot;Something Went Wrong, Please Try Again Later&quot;,&quot;IMAGE_ERROR&quot;:&quot;Image Not Found&quot;,&quot;ELEMENT_NOT_FOUND&quot;:&quot;HTML Element Not Found&quot;,&quot;AJAX_NOT_FOUND&quot;:&quot;Error Loading AJAX : Not Found&quot;,&quot;AJAX_FORBIDDEN&quot;:&quot;Error Loading AJAX : Forbidden&quot;,&quot;IFRAME_ERROR&quot;:&quot;Error Loading Page&quot;,&quot;TOGGLE_ZOOM&quot;:&quot;Toggle zoom level&quot;,&quot;TOGGLE_THUMBS&quot;:&quot;Toggle thumbnails&quot;,&quot;TOGGLE_SLIDESHOW&quot;:&quot;Toggle slideshow&quot;,&quot;TOGGLE_FULLSCREEN&quot;:&quot;Toggle full-screen mode&quot;},&quot;Images&quot;:{&quot;Panzoom&quot;:{&quot;maxScale&quot;:2}},&quot;mainClass&quot;:&quot;modula-fancybox-container modula-lightbox-jtg-964&quot;,&quot;Html&quot;:{&quot;videoAutoplay&quot;:0,&quot;videoTpl&quot;:&quot;&lt;video class=\\&quot;fancybox__html5video\\&quot; controls muted playsinline controlsList controlsList=\\&quot;nodownload\\&quot; poster=\\&quot;{{poster}}\\&quot; src=\\&quot;{{src}}\\&quot; type=\\&quot;{{format}}\\&quot; &gt;  Sorry, your browser doesn&#039;t support embedded videos, &lt;a href=\\&quot;{{src}}\\&quot;&gt; download &lt;\\\/a&gt; and watch with your favorite video player! &lt;\\\/video&gt;&quot;}},&quot;inView&quot;:false,&quot;email_subject&quot;:&quot;Check out this awesome image !!&quot;,&quot;email_message&quot;:&quot;Here is the link to the image : %%image_link%% and this is the link to the gallery : %%gallery_link%%&quot;,&quot;lightbox&quot;:&quot;fancybox&quot;}\">\n\n\t\n\t<div  class=\"modula-items\">\n\t\t<div class=\"modula-item effect-pufrobo\" >\n\t<div class=\"modula-item-overlay\"><\/div>\n\n\t<div class=\"modula-item-content\">\n\n\t\t<a data-image-id=\"967\" role=\"button\" data-elementor-open-lightbox=\"no\" tabindex=\"0\" rel=\"jtg-964\" data-caption=\"\" aria-label=\"Open image in lightbox\" class=\"tile-inner modula-item-link\"><\/a><img fetchpriority=\"high\" decoding=\"async\" class=\"pic wp-image-967\"  data-valign=\"middle\" data-halign=\"center\" alt=\"\" data-full=\"https:\/\/anuario2023.torrefuerte.bo\/wp-content\/uploads\/2023\/12\/IMG_8393.jpg\" title=\"IMG_8393\" crop=\"\" width=\"300\" height=\"200\" src=\"https:\/\/anuario2023.torrefuerte.bo\/wp-content\/uploads\/2023\/12\/IMG_8393-300x200.jpg\" data-src=\"https:\/\/anuario2023.torrefuerte.bo\/wp-content\/uploads\/2023\/12\/IMG_8393-300x200.jpg\" data-caption=\"\" srcset=\"https:\/\/anuario2023.torrefuerte.bo\/wp-content\/uploads\/2023\/12\/IMG_8393.jpg 1920w, https:\/\/anuario2023.torrefuerte.bo\/wp-content\/uploads\/2023\/12\/IMG_8393-300x200.jpg 300w, https:\/\/anuario2023.torrefuerte.bo\/wp-content\/uploads\/2023\/12\/IMG_8393-1024x683.jpg 1024w, https:\/\/anuario2023.torrefuerte.bo\/wp-content\/uploads\/2023\/12\/IMG_8393-768x512.jpg 768w, https:\/\/anuario2023.torrefuerte.bo\/wp-content\/uploads\/2023\/12\/IMG_8393-1536x1024.jpg 1536w, https:\/\/anuario2023.torrefuerte.bo\/wp-content\/uploads\/2023\/12\/IMG_8393-1170x780.jpg 1170w\" sizes=\"(max-width: 300px) 100vw, 300px\" \/>\n\t\t<div class=\"figc no-description\">\n\t\t\t<div class=\"figc-inner\">\n\t\t\t\t\t\t\t\t\t\t\t\t\t\t\t<\/div>\n\t\t<\/div>\n\n\t<\/div>\n\n<\/div><div class=\"modula-item effect-pufrobo\" >\n\t<div class=\"modula-item-overlay\"><\/div>\n\n\t<div class=\"modula-item-content\">\n\n\t\t<a data-image-id=\"968\" role=\"button\" data-elementor-open-lightbox=\"no\" tabindex=\"0\" rel=\"jtg-964\" data-caption=\"\" aria-label=\"Open image in lightbox\" class=\"tile-inner modula-item-link\"><\/a><img decoding=\"async\" class=\"pic wp-image-968\"  data-valign=\"middle\" data-halign=\"center\" alt=\"\" data-full=\"https:\/\/anuario2023.torrefuerte.bo\/wp-content\/uploads\/2023\/12\/IMG_8397.jpg\" title=\"IMG_8397\" crop=\"\" width=\"300\" height=\"200\" src=\"https:\/\/anuario2023.torrefuerte.bo\/wp-content\/uploads\/2023\/12\/IMG_8397-300x200.jpg\" data-src=\"https:\/\/anuario2023.torrefuerte.bo\/wp-content\/uploads\/2023\/12\/IMG_8397-300x200.jpg\" data-caption=\"\" srcset=\"https:\/\/anuario2023.torrefuerte.bo\/wp-content\/uploads\/2023\/12\/IMG_8397.jpg 1920w, https:\/\/anuario2023.torrefuerte.bo\/wp-content\/uploads\/2023\/12\/IMG_8397-300x200.jpg 300w, https:\/\/anuario2023.torrefuerte.bo\/wp-content\/uploads\/2023\/12\/IMG_8397-1024x683.jpg 1024w, https:\/\/anuario2023.torrefuerte.bo\/wp-content\/uploads\/2023\/12\/IMG_8397-768x512.jpg 768w, https:\/\/anuario2023.torrefuerte.bo\/wp-content\/uploads\/2023\/12\/IMG_8397-1536x1024.jpg 1536w, https:\/\/anuario2023.torrefuerte.bo\/wp-content\/uploads\/2023\/12\/IMG_8397-1170x780.jpg 1170w\" sizes=\"(max-width: 300px) 100vw, 300px\" \/>\n\t\t<div class=\"figc no-description\">\n\t\t\t<div class=\"figc-inner\">\n\t\t\t\t\t\t\t\t\t\t\t\t\t\t\t<\/div>\n\t\t<\/div>\n\n\t<\/div>\n\n<\/div><div class=\"modula-item effect-pufrobo\" >\n\t<div class=\"modula-item-overlay\"><\/div>\n\n\t<div class=\"modula-item-content\">\n\n\t\t<a data-image-id=\"969\" role=\"button\" data-elementor-open-lightbox=\"no\" tabindex=\"0\" rel=\"jtg-964\" data-caption=\"\" aria-label=\"Open image in lightbox\" class=\"tile-inner modula-item-link\"><\/a><img decoding=\"async\" class=\"pic wp-image-969\"  data-valign=\"middle\" data-halign=\"center\" alt=\"\" data-full=\"https:\/\/anuario2023.torrefuerte.bo\/wp-content\/uploads\/2023\/12\/IMG_8400.jpg\" title=\"IMG_8400\" crop=\"\" width=\"300\" height=\"200\" src=\"https:\/\/anuario2023.torrefuerte.bo\/wp-content\/uploads\/2023\/12\/IMG_8400-300x200.jpg\" data-src=\"https:\/\/anuario2023.torrefuerte.bo\/wp-content\/uploads\/2023\/12\/IMG_8400-300x200.jpg\" data-caption=\"\" srcset=\"https:\/\/anuario2023.torrefuerte.bo\/wp-content\/uploads\/2023\/12\/IMG_8400.jpg 1920w, https:\/\/anuario2023.torrefuerte.bo\/wp-content\/uploads\/2023\/12\/IMG_8400-300x200.jpg 300w, https:\/\/anuario2023.torrefuerte.bo\/wp-content\/uploads\/2023\/12\/IMG_8400-1024x683.jpg 1024w, https:\/\/anuario2023.torrefuerte.bo\/wp-content\/uploads\/2023\/12\/IMG_8400-768x512.jpg 768w, https:\/\/anuario2023.torrefuerte.bo\/wp-content\/uploads\/2023\/12\/IMG_8400-1536x1024.jpg 1536w, https:\/\/anuario2023.torrefuerte.bo\/wp-content\/uploads\/2023\/12\/IMG_8400-1170x780.jpg 1170w\" sizes=\"(max-width: 300px) 100vw, 300px\" \/>\n\t\t<div class=\"figc no-description\">\n\t\t\t<div class=\"figc-inner\">\n\t\t\t\t\t\t\t\t\t\t\t\t\t\t\t<\/div>\n\t\t<\/div>\n\n\t<\/div>\n\n<\/div><div class=\"modula-item effect-pufrobo\" >\n\t<div class=\"modula-item-overlay\"><\/div>\n\n\t<div class=\"modula-item-content\">\n\n\t\t<a data-image-id=\"970\" role=\"button\" data-elementor-open-lightbox=\"no\" tabindex=\"0\" rel=\"jtg-964\" data-caption=\"\" aria-label=\"Open image in lightbox\" class=\"tile-inner modula-item-link\"><\/a><img loading=\"lazy\" decoding=\"async\" class=\"pic wp-image-970\"  data-valign=\"middle\" data-halign=\"center\" alt=\"\" data-full=\"https:\/\/anuario2023.torrefuerte.bo\/wp-content\/uploads\/2023\/12\/IMG_8406.jpg\" title=\"IMG_8406\" crop=\"\" width=\"300\" height=\"200\" src=\"https:\/\/anuario2023.torrefuerte.bo\/wp-content\/uploads\/2023\/12\/IMG_8406-300x200.jpg\" data-src=\"https:\/\/anuario2023.torrefuerte.bo\/wp-content\/uploads\/2023\/12\/IMG_8406-300x200.jpg\" data-caption=\"\" srcset=\"https:\/\/anuario2023.torrefuerte.bo\/wp-content\/uploads\/2023\/12\/IMG_8406.jpg 1920w, https:\/\/anuario2023.torrefuerte.bo\/wp-content\/uploads\/2023\/12\/IMG_8406-300x200.jpg 300w, https:\/\/anuario2023.torrefuerte.bo\/wp-content\/uploads\/2023\/12\/IMG_8406-1024x683.jpg 1024w, https:\/\/anuario2023.torrefuerte.bo\/wp-content\/uploads\/2023\/12\/IMG_8406-768x512.jpg 768w, https:\/\/anuario2023.torrefuerte.bo\/wp-content\/uploads\/2023\/12\/IMG_8406-1536x1024.jpg 1536w, https:\/\/anuario2023.torrefuerte.bo\/wp-content\/uploads\/2023\/12\/IMG_8406-1170x780.jpg 1170w\" sizes=\"(max-width: 300px) 100vw, 300px\" \/>\n\t\t<div class=\"figc no-description\">\n\t\t\t<div class=\"figc-inner\">\n\t\t\t\t\t\t\t\t\t\t\t\t\t\t\t<\/div>\n\t\t<\/div>\n\n\t<\/div>\n\n<\/div><div class=\"modula-item effect-pufrobo\" >\n\t<div class=\"modula-item-overlay\"><\/div>\n\n\t<div class=\"modula-item-content\">\n\n\t\t<a data-image-id=\"971\" role=\"button\" data-elementor-open-lightbox=\"no\" tabindex=\"0\" rel=\"jtg-964\" data-caption=\"\" aria-label=\"Open image in lightbox\" class=\"tile-inner modula-item-link\"><\/a><img loading=\"lazy\" decoding=\"async\" class=\"pic wp-image-971\"  data-valign=\"middle\" data-halign=\"center\" alt=\"\" data-full=\"https:\/\/anuario2023.torrefuerte.bo\/wp-content\/uploads\/2023\/12\/IMG_8425.jpg\" title=\"IMG_8425\" crop=\"\" width=\"300\" height=\"258\" src=\"https:\/\/anuario2023.torrefuerte.bo\/wp-content\/uploads\/2023\/12\/IMG_8425-300x258.jpg\" data-src=\"https:\/\/anuario2023.torrefuerte.bo\/wp-content\/uploads\/2023\/12\/IMG_8425-300x258.jpg\" data-caption=\"\" srcset=\"https:\/\/anuario2023.torrefuerte.bo\/wp-content\/uploads\/2023\/12\/IMG_8425.jpg 1920w, https:\/\/anuario2023.torrefuerte.bo\/wp-content\/uploads\/2023\/12\/IMG_8425-300x258.jpg 300w, https:\/\/anuario2023.torrefuerte.bo\/wp-content\/uploads\/2023\/12\/IMG_8425-1024x882.jpg 1024w, https:\/\/anuario2023.torrefuerte.bo\/wp-content\/uploads\/2023\/12\/IMG_8425-768x662.jpg 768w, https:\/\/anuario2023.torrefuerte.bo\/wp-content\/uploads\/2023\/12\/IMG_8425-1536x1323.jpg 1536w, https:\/\/anuario2023.torrefuerte.bo\/wp-content\/uploads\/2023\/12\/IMG_8425-1170x1008.jpg 1170w\" sizes=\"(max-width: 300px) 100vw, 300px\" \/>\n\t\t<div class=\"figc no-description\">\n\t\t\t<div class=\"figc-inner\">\n\t\t\t\t\t\t\t\t\t\t\t\t\t\t\t<\/div>\n\t\t<\/div>\n\n\t<\/div>\n\n<\/div><div class=\"modula-item effect-pufrobo\" >\n\t<div class=\"modula-item-overlay\"><\/div>\n\n\t<div class=\"modula-item-content\">\n\n\t\t<a data-image-id=\"972\" role=\"button\" data-elementor-open-lightbox=\"no\" tabindex=\"0\" rel=\"jtg-964\" data-caption=\"\" aria-label=\"Open image in lightbox\" class=\"tile-inner modula-item-link\"><\/a><img loading=\"lazy\" decoding=\"async\" class=\"pic wp-image-972\"  data-valign=\"middle\" data-halign=\"center\" alt=\"\" data-full=\"https:\/\/anuario2023.torrefuerte.bo\/wp-content\/uploads\/2023\/12\/IMG_8440.jpg\" title=\"IMG_8440\" crop=\"\" width=\"300\" height=\"175\" src=\"https:\/\/anuario2023.torrefuerte.bo\/wp-content\/uploads\/2023\/12\/IMG_8440-300x175.jpg\" data-src=\"https:\/\/anuario2023.torrefuerte.bo\/wp-content\/uploads\/2023\/12\/IMG_8440-300x175.jpg\" data-caption=\"\" srcset=\"https:\/\/anuario2023.torrefuerte.bo\/wp-content\/uploads\/2023\/12\/IMG_8440.jpg 1920w, https:\/\/anuario2023.torrefuerte.bo\/wp-content\/uploads\/2023\/12\/IMG_8440-300x175.jpg 300w, https:\/\/anuario2023.torrefuerte.bo\/wp-content\/uploads\/2023\/12\/IMG_8440-1024x596.jpg 1024w, https:\/\/anuario2023.torrefuerte.bo\/wp-content\/uploads\/2023\/12\/IMG_8440-768x447.jpg 768w, https:\/\/anuario2023.torrefuerte.bo\/wp-content\/uploads\/2023\/12\/IMG_8440-1536x894.jpg 1536w, https:\/\/anuario2023.torrefuerte.bo\/wp-content\/uploads\/2023\/12\/IMG_8440-1170x681.jpg 1170w\" sizes=\"(max-width: 300px) 100vw, 300px\" \/>\n\t\t<div class=\"figc no-description\">\n\t\t\t<div class=\"figc-inner\">\n\t\t\t\t\t\t\t\t\t\t\t\t\t\t\t<\/div>\n\t\t<\/div>\n\n\t<\/div>\n\n<\/div><div class=\"modula-item effect-pufrobo\" >\n\t<div class=\"modula-item-overlay\"><\/div>\n\n\t<div class=\"modula-item-content\">\n\n\t\t<a data-image-id=\"973\" role=\"button\" data-elementor-open-lightbox=\"no\" tabindex=\"0\" rel=\"jtg-964\" data-caption=\"\" aria-label=\"Open image in lightbox\" class=\"tile-inner modula-item-link\"><\/a><img loading=\"lazy\" decoding=\"async\" class=\"pic wp-image-973\"  data-valign=\"middle\" data-halign=\"center\" alt=\"\" data-full=\"https:\/\/anuario2023.torrefuerte.bo\/wp-content\/uploads\/2023\/12\/IMG_8457.jpg\" title=\"IMG_8457\" crop=\"\" width=\"300\" height=\"200\" src=\"https:\/\/anuario2023.torrefuerte.bo\/wp-content\/uploads\/2023\/12\/IMG_8457-300x200.jpg\" data-src=\"https:\/\/anuario2023.torrefuerte.bo\/wp-content\/uploads\/2023\/12\/IMG_8457-300x200.jpg\" data-caption=\"\" srcset=\"https:\/\/anuario2023.torrefuerte.bo\/wp-content\/uploads\/2023\/12\/IMG_8457.jpg 1920w, https:\/\/anuario2023.torrefuerte.bo\/wp-content\/uploads\/2023\/12\/IMG_8457-300x200.jpg 300w, https:\/\/anuario2023.torrefuerte.bo\/wp-content\/uploads\/2023\/12\/IMG_8457-1024x683.jpg 1024w, https:\/\/anuario2023.torrefuerte.bo\/wp-content\/uploads\/2023\/12\/IMG_8457-768x512.jpg 768w, https:\/\/anuario2023.torrefuerte.bo\/wp-content\/uploads\/2023\/12\/IMG_8457-1536x1024.jpg 1536w, https:\/\/anuario2023.torrefuerte.bo\/wp-content\/uploads\/2023\/12\/IMG_8457-1170x780.jpg 1170w\" sizes=\"(max-width: 300px) 100vw, 300px\" \/>\n\t\t<div class=\"figc no-description\">\n\t\t\t<div class=\"figc-inner\">\n\t\t\t\t\t\t\t\t\t\t\t\t\t\t\t<\/div>\n\t\t<\/div>\n\n\t<\/div>\n\n<\/div><div class=\"modula-item effect-pufrobo\" >\n\t<div class=\"modula-item-overlay\"><\/div>\n\n\t<div class=\"modula-item-content\">\n\n\t\t<a data-image-id=\"974\" role=\"button\" data-elementor-open-lightbox=\"no\" tabindex=\"0\" rel=\"jtg-964\" data-caption=\"\" aria-label=\"Open image in lightbox\" class=\"tile-inner modula-item-link\"><\/a><img loading=\"lazy\" decoding=\"async\" class=\"pic wp-image-974\"  data-valign=\"middle\" data-halign=\"center\" alt=\"\" data-full=\"https:\/\/anuario2023.torrefuerte.bo\/wp-content\/uploads\/2023\/12\/IMG_8464.jpg\" title=\"IMG_8464\" crop=\"\" width=\"300\" height=\"198\" src=\"https:\/\/anuario2023.torrefuerte.bo\/wp-content\/uploads\/2023\/12\/IMG_8464-300x198.jpg\" data-src=\"https:\/\/anuario2023.torrefuerte.bo\/wp-content\/uploads\/2023\/12\/IMG_8464-300x198.jpg\" data-caption=\"\" srcset=\"https:\/\/anuario2023.torrefuerte.bo\/wp-content\/uploads\/2023\/12\/IMG_8464.jpg 1920w, https:\/\/anuario2023.torrefuerte.bo\/wp-content\/uploads\/2023\/12\/IMG_8464-300x198.jpg 300w, https:\/\/anuario2023.torrefuerte.bo\/wp-content\/uploads\/2023\/12\/IMG_8464-1024x676.jpg 1024w, https:\/\/anuario2023.torrefuerte.bo\/wp-content\/uploads\/2023\/12\/IMG_8464-768x507.jpg 768w, https:\/\/anuario2023.torrefuerte.bo\/wp-content\/uploads\/2023\/12\/IMG_8464-1536x1014.jpg 1536w, https:\/\/anuario2023.torrefuerte.bo\/wp-content\/uploads\/2023\/12\/IMG_8464-1170x773.jpg 1170w\" sizes=\"(max-width: 300px) 100vw, 300px\" \/>\n\t\t<div class=\"figc no-description\">\n\t\t\t<div class=\"figc-inner\">\n\t\t\t\t\t\t\t\t\t\t\t\t\t\t\t<\/div>\n\t\t<\/div>\n\n\t<\/div>\n\n<\/div><div class=\"modula-item effect-pufrobo\" >\n\t<div class=\"modula-item-overlay\"><\/div>\n\n\t<div class=\"modula-item-content\">\n\n\t\t<a data-image-id=\"975\" role=\"button\" data-elementor-open-lightbox=\"no\" tabindex=\"0\" rel=\"jtg-964\" data-caption=\"\" aria-label=\"Open image in lightbox\" class=\"tile-inner modula-item-link\"><\/a><img loading=\"lazy\" decoding=\"async\" class=\"pic wp-image-975\"  data-valign=\"middle\" data-halign=\"center\" alt=\"\" data-full=\"https:\/\/anuario2023.torrefuerte.bo\/wp-content\/uploads\/2023\/12\/IMG_8472.jpg\" title=\"IMG_8472\" crop=\"\" width=\"300\" height=\"200\" src=\"https:\/\/anuario2023.torrefuerte.bo\/wp-content\/uploads\/2023\/12\/IMG_8472-300x200.jpg\" data-src=\"https:\/\/anuario2023.torrefuerte.bo\/wp-content\/uploads\/2023\/12\/IMG_8472-300x200.jpg\" data-caption=\"\" srcset=\"https:\/\/anuario2023.torrefuerte.bo\/wp-content\/uploads\/2023\/12\/IMG_8472.jpg 1920w, https:\/\/anuario2023.torrefuerte.bo\/wp-content\/uploads\/2023\/12\/IMG_8472-300x200.jpg 300w, https:\/\/anuario2023.torrefuerte.bo\/wp-content\/uploads\/2023\/12\/IMG_8472-1024x683.jpg 1024w, https:\/\/anuario2023.torrefuerte.bo\/wp-content\/uploads\/2023\/12\/IMG_8472-768x512.jpg 768w, https:\/\/anuario2023.torrefuerte.bo\/wp-content\/uploads\/2023\/12\/IMG_8472-1536x1024.jpg 1536w, https:\/\/anuario2023.torrefuerte.bo\/wp-content\/uploads\/2023\/12\/IMG_8472-1170x780.jpg 1170w\" sizes=\"(max-width: 300px) 100vw, 300px\" \/>\n\t\t<div class=\"figc no-description\">\n\t\t\t<div class=\"figc-inner\">\n\t\t\t\t\t\t\t\t\t\t\t\t\t\t\t<\/div>\n\t\t<\/div>\n\n\t<\/div>\n\n<\/div><div class=\"modula-item effect-pufrobo\" >\n\t<div class=\"modula-item-overlay\"><\/div>\n\n\t<div class=\"modula-item-content\">\n\n\t\t<a data-image-id=\"976\" role=\"button\" data-elementor-open-lightbox=\"no\" tabindex=\"0\" rel=\"jtg-964\" data-caption=\"\" aria-label=\"Open image in lightbox\" class=\"tile-inner modula-item-link\"><\/a><img loading=\"lazy\" decoding=\"async\" class=\"pic wp-image-976\"  data-valign=\"middle\" data-halign=\"center\" alt=\"\" data-full=\"https:\/\/anuario2023.torrefuerte.bo\/wp-content\/uploads\/2023\/12\/IMG_8483.jpg\" title=\"IMG_8483\" crop=\"\" width=\"300\" height=\"200\" src=\"https:\/\/anuario2023.torrefuerte.bo\/wp-content\/uploads\/2023\/12\/IMG_8483-300x200.jpg\" data-src=\"https:\/\/anuario2023.torrefuerte.bo\/wp-content\/uploads\/2023\/12\/IMG_8483-300x200.jpg\" data-caption=\"\" srcset=\"https:\/\/anuario2023.torrefuerte.bo\/wp-content\/uploads\/2023\/12\/IMG_8483.jpg 1920w, https:\/\/anuario2023.torrefuerte.bo\/wp-content\/uploads\/2023\/12\/IMG_8483-300x200.jpg 300w, https:\/\/anuario2023.torrefuerte.bo\/wp-content\/uploads\/2023\/12\/IMG_8483-1024x683.jpg 1024w, https:\/\/anuario2023.torrefuerte.bo\/wp-content\/uploads\/2023\/12\/IMG_8483-768x512.jpg 768w, https:\/\/anuario2023.torrefuerte.bo\/wp-content\/uploads\/2023\/12\/IMG_8483-1536x1024.jpg 1536w, https:\/\/anuario2023.torrefuerte.bo\/wp-content\/uploads\/2023\/12\/IMG_8483-1170x780.jpg 1170w\" sizes=\"(max-width: 300px) 100vw, 300px\" \/>\n\t\t<div class=\"figc no-description\">\n\t\t\t<div class=\"figc-inner\">\n\t\t\t\t\t\t\t\t\t\t\t\t\t\t\t<\/div>\n\t\t<\/div>\n\n\t<\/div>\n\n<\/div><div class=\"modula-item effect-pufrobo\" >\n\t<div class=\"modula-item-overlay\"><\/div>\n\n\t<div class=\"modula-item-content\">\n\n\t\t<a data-image-id=\"977\" role=\"button\" data-elementor-open-lightbox=\"no\" tabindex=\"0\" rel=\"jtg-964\" data-caption=\"\" aria-label=\"Open image in lightbox\" class=\"tile-inner modula-item-link\"><\/a><img loading=\"lazy\" decoding=\"async\" class=\"pic wp-image-977\"  data-valign=\"middle\" data-halign=\"center\" alt=\"\" data-full=\"https:\/\/anuario2023.torrefuerte.bo\/wp-content\/uploads\/2023\/12\/IMG_8494.jpg\" title=\"IMG_8494\" crop=\"\" width=\"300\" height=\"200\" src=\"https:\/\/anuario2023.torrefuerte.bo\/wp-content\/uploads\/2023\/12\/IMG_8494-300x200.jpg\" data-src=\"https:\/\/anuario2023.torrefuerte.bo\/wp-content\/uploads\/2023\/12\/IMG_8494-300x200.jpg\" data-caption=\"\" srcset=\"https:\/\/anuario2023.torrefuerte.bo\/wp-content\/uploads\/2023\/12\/IMG_8494.jpg 1920w, https:\/\/anuario2023.torrefuerte.bo\/wp-content\/uploads\/2023\/12\/IMG_8494-300x200.jpg 300w, https:\/\/anuario2023.torrefuerte.bo\/wp-content\/uploads\/2023\/12\/IMG_8494-1024x683.jpg 1024w, https:\/\/anuario2023.torrefuerte.bo\/wp-content\/uploads\/2023\/12\/IMG_8494-768x512.jpg 768w, https:\/\/anuario2023.torrefuerte.bo\/wp-content\/uploads\/2023\/12\/IMG_8494-1536x1024.jpg 1536w, https:\/\/anuario2023.torrefuerte.bo\/wp-content\/uploads\/2023\/12\/IMG_8494-1170x780.jpg 1170w\" sizes=\"(max-width: 300px) 100vw, 300px\" \/>\n\t\t<div class=\"figc no-description\">\n\t\t\t<div class=\"figc-inner\">\n\t\t\t\t\t\t\t\t\t\t\t\t\t\t\t<\/div>\n\t\t<\/div>\n\n\t<\/div>\n\n<\/div>\t\t\n\t<\/div>\n\n\t\n\t\n\t<script type=\"application\/ld+json\">\n\t{\n\t\t\"@context\": \"http:\/\/schema.org\",\n\t\t\"@type\"   : \"ImageGallery\",\n\t\t\"id\"      : \"https:\/\/anuario2023.torrefuerte.bo\/index.php\/proyeccion-de-peliculas-inspiradoras\/\",\n\t\t\"url\"     : \"https:\/\/anuario2023.torrefuerte.bo\/index.php\/proyeccion-de-peliculas-inspiradoras\/\"\n\t}\n\n\t<\/script>\n\n\t\n<\/div>\n\n\n\n<div class=\"wp-block-buttons is-layout-flex wp-block-buttons-is-layout-flex\">\n<div class=\"wp-block-button\"><a class=\"wp-block-button__link wp-element-button\" href=\"https:\/\/anuario2023.torrefuerte.bo\/index.php\/eventos\/holy-youth\/\">Volver<\/a><\/div>\n<\/div>\n","protected":false},"excerpt":{"rendered":"<p>Un Impacto Profundo en la Red Holy La Red Holy vivi\u00f3 una experiencia \u00fanica al disfrutar de la proyecci\u00f3n de dos pel\u00edculas que motivaron a los j\u00f3venes a renovar su compromiso con los valores cristianos. Estas pel\u00edculas sirvieron de inspiraci\u00f3n para vivir de acuerdo con el ejemplo de Jes\u00fas en su vida diaria, alentando a [&hellip;]<\/p>\n","protected":false},"author":2,"featured_media":0,"parent":0,"menu_order":0,"comment_status":"closed","ping_status":"closed","template":"","meta":{"om_disable_all_campaigns":false,"_monsterinsights_skip_tracking":false,"_monsterinsights_sitenote_active":false,"_monsterinsights_sitenote_note":"","_monsterinsights_sitenote_category":0,"_uf_show_specific_survey":0,"_uf_disable_surveys":false,"footnotes":""},"class_list":["post-961","page","type-page","status-publish","hentry"],"aioseo_notices":[],"_links":{"self":[{"href":"https:\/\/anuario2023.torrefuerte.bo\/index.php\/wp-json\/wp\/v2\/pages\/961","targetHints":{"allow":["GET"]}}],"collection":[{"href":"https:\/\/anuario2023.torrefuerte.bo\/index.php\/wp-json\/wp\/v2\/pages"}],"about":[{"href":"https:\/\/anuario2023.torrefuerte.bo\/index.php\/wp-json\/wp\/v2\/types\/page"}],"author":[{"embeddable":true,"href":"https:\/\/anuario2023.torrefuerte.bo\/index.php\/wp-json\/wp\/v2\/users\/2"}],"replies":[{"embeddable":true,"href":"https:\/\/anuario2023.torrefuerte.bo\/index.php\/wp-json\/wp\/v2\/comments?post=961"}],"version-history":[{"count":4,"href":"https:\/\/anuario2023.torrefuerte.bo\/index.php\/wp-json\/wp\/v2\/pages\/961\/revisions"}],"predecessor-version":[{"id":1226,"href":"https:\/\/anuario2023.torrefuerte.bo\/index.php\/wp-json\/wp\/v2\/pages\/961\/revisions\/1226"}],"wp:attachment":[{"href":"https:\/\/anuario2023.torrefuerte.bo\/index.php\/wp-json\/wp\/v2\/media?parent=961"}],"curies":[{"name":"wp","href":"https:\/\/api.w.org\/{rel}","templated":true}]}}