{"id":834,"date":"2023-12-13T17:10:05","date_gmt":"2023-12-13T17:10:05","guid":{"rendered":"https:\/\/anuario2023.torrefuerte.bo\/?page_id=834"},"modified":"2023-12-13T22:57:49","modified_gmt":"2023-12-13T22:57:49","slug":"party-youth","status":"publish","type":"page","link":"https:\/\/anuario2023.torrefuerte.bo\/index.php\/eventos\/holy-youth\/party-youth\/","title":{"rendered":"Party Youth"},"content":{"rendered":"\n<p class=\"has-text-align-center\"><strong>Cierre Anual de Holy Youth en Torre Fuerte<\/strong><\/p>\n\n\n\n<p>El 25 de noviembre, alrededor de 60 j\u00f3venes se congregaron en el auditorio principal de Torre Fuerte para el \u00faltimo evento del a\u00f1o de la red de juveniles, Holy Youth. La tem\u00e1tica, <strong>&#8220;Party Youth: el \u00faltimo baile&#8221;<\/strong>, fue dise\u00f1ada para crear un momento especial donde la presencia del Se\u00f1or impregn\u00f3 la tarde desde el inicio.<\/p>\n\n\n\n<p>El prop\u00f3sito de esta actividad era reunir a todos los j\u00f3venes de la iglesia para reflexionar y compartir experiencias del a\u00f1o como Red de Juveniles, disfrutando de un tiempo de fiesta y adoraci\u00f3n a Dios. Desde la bienvenida, se percibi\u00f3 la calidez y la amistad entre los j\u00f3venes, con distintos juegos y actividades de confraternizaci\u00f3n que dieron inicio a una jornada de muchas bendiciones.<\/p>\n\n\n\n<p>Luego de un hermoso tiempo de alabanza, se imparti\u00f3 una poderosa pr\u00e9dica seguida de una conmovedora ministraci\u00f3n. Los asistentes se llevaron una valiosa lecci\u00f3n sobre el coraje y la importancia de ser valientes al seguir la voluntad de Dios en un mundo y una actualidad donde ser joven no es tarea f\u00e1cil.<\/p>\n\n\n\n<p>La tarde concluy\u00f3 de manera excepcional con una fiesta sobrenatural, donde muchas vidas se regocijaron en la presencia del Se\u00f1or a trav\u00e9s de alabanzas, baile y diversi\u00f3n, todo para la gloria de Dios. Estamos seguros de que todos los presentes atesorar\u00e1n esta experiencia en su memoria, generando expectativas emocionantes para los futuros eventos de la Red Holy Youth.<\/p>\n\n\n<div  id=\"jtg-1236\" class=\"modula modula-gallery modula-creative-gallery\" data-config=\"{&quot;height&quot;:800,&quot;tabletHeight&quot;:800,&quot;mobileHeight&quot;:800,&quot;desktopHeight&quot;:800,&quot;enableTwitter&quot;:false,&quot;enableWhatsapp&quot;:false,&quot;enableFacebook&quot;:false,&quot;enablePinterest&quot;:false,&quot;enableLinkedin&quot;:false,&quot;enableEmail&quot;:false,&quot;randomFactor&quot;:0.5,&quot;type&quot;:&quot;creative-gallery&quot;,&quot;columns&quot;:12,&quot;gutter&quot;:10,&quot;mobileGutter&quot;:10,&quot;tabletGutter&quot;:10,&quot;desktopGutter&quot;:10,&quot;enableResponsive&quot;:&quot;0&quot;,&quot;tabletColumns&quot;:&quot;2&quot;,&quot;mobileColumns&quot;:&quot;1&quot;,&quot;lazyLoad&quot;:0,&quot;lightboxOpts&quot;:{&quot;animated&quot;:true,&quot;Thumbs&quot;:{&quot;type&quot;:&quot;modern&quot;,&quot;showOnStart&quot;:false},&quot;Toolbar&quot;:{&quot;display&quot;:{&quot;right&quot;:[&quot;close&quot;]},&quot;enabled&quot;:true},&quot;Carousel&quot;:{&quot;Panzoom&quot;:{&quot;touch&quot;:true},&quot;infinite&quot;:false},&quot;keyboard&quot;:{&quot;Escape&quot;:&quot;close&quot;,&quot;Delete&quot;:&quot;close&quot;,&quot;Backspace&quot;:&quot;close&quot;,&quot;PageUp&quot;:false,&quot;PageDown&quot;:false,&quot;ArrowUp&quot;:false,&quot;ArrowDown&quot;:false,&quot;ArrowRight&quot;:false,&quot;ArrowLeft&quot;:false},&quot;touch&quot;:false,&quot;backdropClick&quot;:false,&quot;l10n&quot;:{&quot;CLOSE&quot;:&quot;Close&quot;,&quot;NEXT&quot;:&quot;Next&quot;,&quot;PREV&quot;:&quot;Previous&quot;,&quot;Error&quot;:&quot;The requested content cannot be loaded. Please try again later.&quot;,&quot;PLAY_START&quot;:&quot;Start slideshow&quot;,&quot;PLAY_STOP&quot;:&quot;Pause slideshow&quot;,&quot;FULL_SCREEN&quot;:&quot;Full screen&quot;,&quot;THUMBS&quot;:&quot;Thumbnails&quot;,&quot;DOWNLOAD&quot;:&quot;Download&quot;,&quot;SHARE&quot;:&quot;Share&quot;,&quot;ZOOM&quot;:&quot;Zoom&quot;,&quot;EMAIL&quot;:&quot;Here is the link to the image : %%image_link%% and this is the link to the gallery : %%gallery_link%%&quot;,&quot;MODAL&quot;:&quot;You can close this modal content with the ESC key&quot;,&quot;ERROR&quot;:&quot;Something Went Wrong, Please Try Again Later&quot;,&quot;IMAGE_ERROR&quot;:&quot;Image Not Found&quot;,&quot;ELEMENT_NOT_FOUND&quot;:&quot;HTML Element Not Found&quot;,&quot;AJAX_NOT_FOUND&quot;:&quot;Error Loading AJAX : Not Found&quot;,&quot;AJAX_FORBIDDEN&quot;:&quot;Error Loading AJAX : Forbidden&quot;,&quot;IFRAME_ERROR&quot;:&quot;Error Loading Page&quot;,&quot;TOGGLE_ZOOM&quot;:&quot;Toggle zoom level&quot;,&quot;TOGGLE_THUMBS&quot;:&quot;Toggle thumbnails&quot;,&quot;TOGGLE_SLIDESHOW&quot;:&quot;Toggle slideshow&quot;,&quot;TOGGLE_FULLSCREEN&quot;:&quot;Toggle full-screen mode&quot;},&quot;Images&quot;:{&quot;Panzoom&quot;:{&quot;maxScale&quot;:2}},&quot;mainClass&quot;:&quot;modula-fancybox-container modula-lightbox-jtg-1236&quot;,&quot;Html&quot;:{&quot;videoAutoplay&quot;:0,&quot;videoTpl&quot;:&quot;&lt;video class=\\&quot;fancybox__html5video\\&quot; controls muted playsinline controlsList controlsList=\\&quot;nodownload\\&quot; poster=\\&quot;{{poster}}\\&quot; src=\\&quot;{{src}}\\&quot; type=\\&quot;{{format}}\\&quot; &gt;  Sorry, your browser doesn&#039;t support embedded videos, &lt;a href=\\&quot;{{src}}\\&quot;&gt; download &lt;\\\/a&gt; and watch with your favorite video player! &lt;\\\/video&gt;&quot;}},&quot;inView&quot;:false,&quot;email_subject&quot;:&quot;Check out this awesome image !!&quot;,&quot;email_message&quot;:&quot;Here is the link to the image : %%image_link%% and this is the link to the gallery : %%gallery_link%%&quot;,&quot;lightbox&quot;:&quot;fancybox&quot;}\">\n\n\t\n\t<div  class=\"modula-items\">\n\t\t<div class=\"modula-item effect-pufrobo\" >\n\t<div class=\"modula-item-overlay\"><\/div>\n\n\t<div class=\"modula-item-content\">\n\n\t\t<a data-image-id=\"1237\" role=\"button\" data-elementor-open-lightbox=\"no\" tabindex=\"0\" rel=\"jtg-1236\" data-caption=\"\" aria-label=\"Open image in lightbox\" class=\"tile-inner modula-item-link\"><\/a><img fetchpriority=\"high\" decoding=\"async\" class=\"pic wp-image-1237\"  data-valign=\"middle\" data-halign=\"center\" alt=\"\" data-full=\"https:\/\/anuario2023.torrefuerte.bo\/wp-content\/uploads\/2023\/12\/photo_5125111065192016915_y.jpg\" title=\"photo_5125111065192016915_y\" crop=\"\" width=\"300\" height=\"225\" src=\"https:\/\/anuario2023.torrefuerte.bo\/wp-content\/uploads\/2023\/12\/photo_5125111065192016915_y-300x225.jpg\" data-src=\"https:\/\/anuario2023.torrefuerte.bo\/wp-content\/uploads\/2023\/12\/photo_5125111065192016915_y-300x225.jpg\" data-caption=\"\" srcset=\"https:\/\/anuario2023.torrefuerte.bo\/wp-content\/uploads\/2023\/12\/photo_5125111065192016915_y.jpg 1280w, https:\/\/anuario2023.torrefuerte.bo\/wp-content\/uploads\/2023\/12\/photo_5125111065192016915_y-300x225.jpg 300w, https:\/\/anuario2023.torrefuerte.bo\/wp-content\/uploads\/2023\/12\/photo_5125111065192016915_y-1024x768.jpg 1024w, https:\/\/anuario2023.torrefuerte.bo\/wp-content\/uploads\/2023\/12\/photo_5125111065192016915_y-768x576.jpg 768w, https:\/\/anuario2023.torrefuerte.bo\/wp-content\/uploads\/2023\/12\/photo_5125111065192016915_y-1170x878.jpg 1170w\" sizes=\"(max-width: 300px) 100vw, 300px\" \/>\n\t\t<div class=\"figc no-description\">\n\t\t\t<div class=\"figc-inner\">\n\t\t\t\t\t\t\t\t\t\t\t\t\t\t\t<\/div>\n\t\t<\/div>\n\n\t<\/div>\n\n<\/div><div class=\"modula-item effect-pufrobo\" >\n\t<div class=\"modula-item-overlay\"><\/div>\n\n\t<div class=\"modula-item-content\">\n\n\t\t<a data-image-id=\"1238\" role=\"button\" data-elementor-open-lightbox=\"no\" tabindex=\"0\" rel=\"jtg-1236\" data-caption=\"\" aria-label=\"Open image in lightbox\" class=\"tile-inner modula-item-link\"><\/a><img decoding=\"async\" class=\"pic wp-image-1238\"  data-valign=\"middle\" data-halign=\"center\" alt=\"\" data-full=\"https:\/\/anuario2023.torrefuerte.bo\/wp-content\/uploads\/2023\/12\/photo_5125111065192016917_y.jpg\" title=\"photo_5125111065192016917_y\" crop=\"\" width=\"225\" height=\"300\" src=\"https:\/\/anuario2023.torrefuerte.bo\/wp-content\/uploads\/2023\/12\/photo_5125111065192016917_y-225x300.jpg\" data-src=\"https:\/\/anuario2023.torrefuerte.bo\/wp-content\/uploads\/2023\/12\/photo_5125111065192016917_y-225x300.jpg\" data-caption=\"\" srcset=\"https:\/\/anuario2023.torrefuerte.bo\/wp-content\/uploads\/2023\/12\/photo_5125111065192016917_y.jpg 960w, https:\/\/anuario2023.torrefuerte.bo\/wp-content\/uploads\/2023\/12\/photo_5125111065192016917_y-225x300.jpg 225w, https:\/\/anuario2023.torrefuerte.bo\/wp-content\/uploads\/2023\/12\/photo_5125111065192016917_y-768x1024.jpg 768w\" sizes=\"(max-width: 225px) 100vw, 225px\" \/>\n\t\t<div class=\"figc no-description\">\n\t\t\t<div class=\"figc-inner\">\n\t\t\t\t\t\t\t\t\t\t\t\t\t\t\t<\/div>\n\t\t<\/div>\n\n\t<\/div>\n\n<\/div><div class=\"modula-item effect-pufrobo\" >\n\t<div class=\"modula-item-overlay\"><\/div>\n\n\t<div class=\"modula-item-content\">\n\n\t\t<a data-image-id=\"1239\" role=\"button\" data-elementor-open-lightbox=\"no\" tabindex=\"0\" rel=\"jtg-1236\" data-caption=\"\" aria-label=\"Open image in lightbox\" class=\"tile-inner modula-item-link\"><\/a><img decoding=\"async\" class=\"pic wp-image-1239\"  data-valign=\"middle\" data-halign=\"center\" alt=\"\" data-full=\"https:\/\/anuario2023.torrefuerte.bo\/wp-content\/uploads\/2023\/12\/photo_5129843625230970046_y.jpg\" title=\"photo_5129843625230970046_y\" crop=\"\" width=\"300\" height=\"225\" src=\"https:\/\/anuario2023.torrefuerte.bo\/wp-content\/uploads\/2023\/12\/photo_5129843625230970046_y-300x225.jpg\" data-src=\"https:\/\/anuario2023.torrefuerte.bo\/wp-content\/uploads\/2023\/12\/photo_5129843625230970046_y-300x225.jpg\" data-caption=\"\" srcset=\"https:\/\/anuario2023.torrefuerte.bo\/wp-content\/uploads\/2023\/12\/photo_5129843625230970046_y.jpg 1280w, https:\/\/anuario2023.torrefuerte.bo\/wp-content\/uploads\/2023\/12\/photo_5129843625230970046_y-300x225.jpg 300w, https:\/\/anuario2023.torrefuerte.bo\/wp-content\/uploads\/2023\/12\/photo_5129843625230970046_y-1024x768.jpg 1024w, https:\/\/anuario2023.torrefuerte.bo\/wp-content\/uploads\/2023\/12\/photo_5129843625230970046_y-768x576.jpg 768w, https:\/\/anuario2023.torrefuerte.bo\/wp-content\/uploads\/2023\/12\/photo_5129843625230970046_y-1170x878.jpg 1170w\" sizes=\"(max-width: 300px) 100vw, 300px\" \/>\n\t\t<div class=\"figc no-description\">\n\t\t\t<div class=\"figc-inner\">\n\t\t\t\t\t\t\t\t\t\t\t\t\t\t\t<\/div>\n\t\t<\/div>\n\n\t<\/div>\n\n<\/div>\t\t\n\t<\/div>\n\n\t\n\t\n\t<script type=\"application\/ld+json\">\n\t{\n\t\t\"@context\": \"http:\/\/schema.org\",\n\t\t\"@type\"   : \"ImageGallery\",\n\t\t\"id\"      : \"https:\/\/anuario2023.torrefuerte.bo\/index.php\/eventos\/holy-youth\/party-youth\/\",\n\t\t\"url\"     : \"https:\/\/anuario2023.torrefuerte.bo\/index.php\/eventos\/holy-youth\/party-youth\/\"\n\t}\n\n\t<\/script>\n\n\t\n<\/div>\n\n\n\n<div class=\"wp-block-buttons is-layout-flex wp-block-buttons-is-layout-flex\">\n<div class=\"wp-block-button\"><a class=\"wp-block-button__link wp-element-button\" href=\"https:\/\/anuario2023.torrefuerte.bo\/index.php\/holy-youth\/\">Volver<\/a><\/div>\n<\/div>\n","protected":false},"excerpt":{"rendered":"<p>Cierre Anual de Holy Youth en Torre Fuerte El 25 de noviembre, alrededor de 60 j\u00f3venes se congregaron en el auditorio principal de Torre Fuerte para el \u00faltimo evento del a\u00f1o de la red de juveniles, Holy Youth. La tem\u00e1tica, &#8220;Party Youth: el \u00faltimo baile&#8221;, fue dise\u00f1ada para crear un momento especial donde la presencia [&hellip;]<\/p>\n","protected":false},"author":2,"featured_media":0,"parent":816,"menu_order":2,"comment_status":"closed","ping_status":"closed","template":"","meta":{"om_disable_all_campaigns":false,"_monsterinsights_skip_tracking":false,"_monsterinsights_sitenote_active":false,"_monsterinsights_sitenote_note":"","_monsterinsights_sitenote_category":0,"_uf_show_specific_survey":0,"_uf_disable_surveys":false,"footnotes":""},"class_list":["post-834","page","type-page","status-publish","hentry"],"aioseo_notices":[],"_links":{"self":[{"href":"https:\/\/anuario2023.torrefuerte.bo\/index.php\/wp-json\/wp\/v2\/pages\/834","targetHints":{"allow":["GET"]}}],"collection":[{"href":"https:\/\/anuario2023.torrefuerte.bo\/index.php\/wp-json\/wp\/v2\/pages"}],"about":[{"href":"https:\/\/anuario2023.torrefuerte.bo\/index.php\/wp-json\/wp\/v2\/types\/page"}],"author":[{"embeddable":true,"href":"https:\/\/anuario2023.torrefuerte.bo\/index.php\/wp-json\/wp\/v2\/users\/2"}],"replies":[{"embeddable":true,"href":"https:\/\/anuario2023.torrefuerte.bo\/index.php\/wp-json\/wp\/v2\/comments?post=834"}],"version-history":[{"count":4,"href":"https:\/\/anuario2023.torrefuerte.bo\/index.php\/wp-json\/wp\/v2\/pages\/834\/revisions"}],"predecessor-version":[{"id":1241,"href":"https:\/\/anuario2023.torrefuerte.bo\/index.php\/wp-json\/wp\/v2\/pages\/834\/revisions\/1241"}],"up":[{"embeddable":true,"href":"https:\/\/anuario2023.torrefuerte.bo\/index.php\/wp-json\/wp\/v2\/pages\/816"}],"wp:attachment":[{"href":"https:\/\/anuario2023.torrefuerte.bo\/index.php\/wp-json\/wp\/v2\/media?parent=834"}],"curies":[{"name":"wp","href":"https:\/\/api.w.org\/{rel}","templated":true}]}}