{"id":814,"date":"2023-12-10T21:13:26","date_gmt":"2023-12-10T21:13:26","guid":{"rendered":"https:\/\/anuario2023.torrefuerte.bo\/?page_id=814"},"modified":"2023-12-10T21:16:14","modified_gmt":"2023-12-10T21:16:14","slug":"retorno-de-los-youth","status":"publish","type":"page","link":"https:\/\/anuario2023.torrefuerte.bo\/index.php\/eventos\/holy-youth\/retorno-de-los-youth\/","title":{"rendered":"Retorno de los Youth"},"content":{"rendered":"\n<p>El 30 de septiembre, la <strong>red de juveniles<\/strong> de 13 a 18 a\u00f1os, <strong>Holy Youth<\/strong>, se congreg\u00f3 en el auditorio principal de Torre Fuerte para el evento <strong><em>&#8220;El Retorno de los Youth: el lado oscuro no prevalecer\u00e1&#8221;<\/em><\/strong>. M\u00e1s de 60 j\u00f3venes participaron en una tarde llena de ense\u00f1anzas significativas y momentos de profunda conexi\u00f3n espiritual.<\/p>\n\n\n\n<figure class=\"wp-block-image size-full\"><img fetchpriority=\"high\" decoding=\"async\" width=\"854\" height=\"398\" src=\"http:\/\/anuario2023.torrefuerte.bo\/wp-content\/uploads\/2023\/12\/RetornoYouth.jpg\" alt=\"\" class=\"wp-image-818\" srcset=\"https:\/\/anuario2023.torrefuerte.bo\/wp-content\/uploads\/2023\/12\/RetornoYouth.jpg 854w, https:\/\/anuario2023.torrefuerte.bo\/wp-content\/uploads\/2023\/12\/RetornoYouth-300x140.jpg 300w, https:\/\/anuario2023.torrefuerte.bo\/wp-content\/uploads\/2023\/12\/RetornoYouth-768x358.jpg 768w\" sizes=\"(max-width: 854px) 100vw, 854px\" \/><\/figure>\n\n\n\n<p>La tem\u00e1tica del evento abord\u00f3 diversos temas, desde apartarse del pecado y la idolatr\u00eda, especialmente durante la juventud, hasta la influencia de las amistades y el entorno en la vida conforme al Se\u00f1or. La reuni\u00f3n fue una combinaci\u00f3n de juegos, alabanzas, teatro y una pr\u00e9dica impactante, seguidos de un tiempo de ministraci\u00f3n donde la presencia del Se\u00f1or se manifest\u00f3 de manera poderosa para la gloria de Dios.<\/p>\n\n\n\n<p>Todos los j\u00f3venes presentes tuvieron la oportunidad de aprender m\u00e1s acerca de la Palabra de Dios, disfrutar de una ense\u00f1anza edificante y experimentar la presencia del Esp\u00edritu Santo. La tarde evidenci\u00f3 el mover de Dios en la vida de cada persona que asisti\u00f3 al evento.<\/p>\n\n\n\n<p>Finalmente, el encuentro concluy\u00f3 con un tiempo de confraternizaci\u00f3n que incluy\u00f3 una merienda, juegos adicionales y la oportunidad para que los j\u00f3venes establecieran nuevas amistades y compartieran momentos agradables con sus Gal-D&#8217;s.<\/p>\n\n\n\n<div class=\"wp-block-columns is-layout-flex wp-container-core-columns-is-layout-28f84493 wp-block-columns-is-layout-flex\">\n<div class=\"wp-block-column is-layout-flow wp-block-column-is-layout-flow\">\n<figure class=\"wp-block-embed is-type-video is-provider-youtube wp-block-embed-youtube wp-embed-aspect-16-9 wp-has-aspect-ratio\"><div class=\"wp-block-embed__wrapper\">\n<iframe title=\"Retorno de los Youth 01\" width=\"1170\" height=\"658\" src=\"https:\/\/www.youtube.com\/embed\/jCxx4q9oURg?feature=oembed\" frameborder=\"0\" allow=\"accelerometer; autoplay; clipboard-write; encrypted-media; gyroscope; picture-in-picture; web-share\" allowfullscreen><\/iframe>\n<\/div><\/figure>\n<\/div>\n\n\n\n<div class=\"wp-block-column is-layout-flow wp-block-column-is-layout-flow\">\n<figure class=\"wp-block-embed is-type-video is-provider-youtube wp-block-embed-youtube wp-embed-aspect-16-9 wp-has-aspect-ratio\"><div class=\"wp-block-embed__wrapper\">\n<iframe title=\"Retorno de los Youth 02\" width=\"1170\" height=\"658\" src=\"https:\/\/www.youtube.com\/embed\/WsOjl8kiHt4?feature=oembed\" frameborder=\"0\" allow=\"accelerometer; autoplay; clipboard-write; encrypted-media; gyroscope; picture-in-picture; web-share\" allowfullscreen><\/iframe>\n<\/div><\/figure>\n<\/div>\n<\/div>\n\n\n\n<div class=\"wp-block-columns is-layout-flex wp-container-core-columns-is-layout-28f84493 wp-block-columns-is-layout-flex\">\n<div class=\"wp-block-column is-layout-flow wp-block-column-is-layout-flow\">\n<figure class=\"wp-block-embed is-type-video is-provider-youtube wp-block-embed-youtube wp-embed-aspect-16-9 wp-has-aspect-ratio\"><div class=\"wp-block-embed__wrapper\">\n<iframe title=\"Retorno de los Youth 03\" width=\"1170\" height=\"658\" src=\"https:\/\/www.youtube.com\/embed\/5iCYghJeNGk?feature=oembed\" frameborder=\"0\" allow=\"accelerometer; autoplay; clipboard-write; encrypted-media; gyroscope; picture-in-picture; web-share\" allowfullscreen><\/iframe>\n<\/div><\/figure>\n<\/div>\n\n\n\n<div class=\"wp-block-column is-layout-flow wp-block-column-is-layout-flow\">\n<figure class=\"wp-block-embed is-type-video is-provider-youtube wp-block-embed-youtube wp-embed-aspect-16-9 wp-has-aspect-ratio\"><div class=\"wp-block-embed__wrapper\">\n<iframe title=\"Retorno de los Youth 04\" width=\"1170\" height=\"658\" src=\"https:\/\/www.youtube.com\/embed\/7skhaBvnPXg?feature=oembed\" frameborder=\"0\" allow=\"accelerometer; autoplay; clipboard-write; encrypted-media; gyroscope; picture-in-picture; web-share\" allowfullscreen><\/iframe>\n<\/div><\/figure>\n<\/div>\n<\/div>\n\n\n<div  id=\"jtg-823\" class=\"modula modula-gallery modula-creative-gallery\" data-config=\"{&quot;height&quot;:800,&quot;tabletHeight&quot;:800,&quot;mobileHeight&quot;:800,&quot;desktopHeight&quot;:800,&quot;enableTwitter&quot;:false,&quot;enableWhatsapp&quot;:false,&quot;enableFacebook&quot;:false,&quot;enablePinterest&quot;:false,&quot;enableLinkedin&quot;:false,&quot;enableEmail&quot;:false,&quot;randomFactor&quot;:0.5,&quot;type&quot;:&quot;creative-gallery&quot;,&quot;columns&quot;:12,&quot;gutter&quot;:6,&quot;mobileGutter&quot;:4,&quot;tabletGutter&quot;:4,&quot;desktopGutter&quot;:6,&quot;enableResponsive&quot;:&quot;0&quot;,&quot;tabletColumns&quot;:&quot;2&quot;,&quot;mobileColumns&quot;:&quot;1&quot;,&quot;lazyLoad&quot;:0,&quot;lightboxOpts&quot;:{&quot;animated&quot;:true,&quot;Thumbs&quot;:{&quot;type&quot;:&quot;modern&quot;,&quot;showOnStart&quot;:false},&quot;Toolbar&quot;:{&quot;display&quot;:{&quot;right&quot;:[&quot;close&quot;]},&quot;enabled&quot;:true},&quot;Carousel&quot;:{&quot;Panzoom&quot;:{&quot;touch&quot;:true},&quot;infinite&quot;:false},&quot;keyboard&quot;:{&quot;Escape&quot;:&quot;close&quot;,&quot;Delete&quot;:&quot;close&quot;,&quot;Backspace&quot;:&quot;close&quot;,&quot;PageUp&quot;:false,&quot;PageDown&quot;:false,&quot;ArrowUp&quot;:false,&quot;ArrowDown&quot;:false,&quot;ArrowRight&quot;:false,&quot;ArrowLeft&quot;:false},&quot;touch&quot;:false,&quot;backdropClick&quot;:false,&quot;l10n&quot;:{&quot;CLOSE&quot;:&quot;Close&quot;,&quot;NEXT&quot;:&quot;Next&quot;,&quot;PREV&quot;:&quot;Previous&quot;,&quot;Error&quot;:&quot;The requested content cannot be loaded. Please try again later.&quot;,&quot;PLAY_START&quot;:&quot;Start slideshow&quot;,&quot;PLAY_STOP&quot;:&quot;Pause slideshow&quot;,&quot;FULL_SCREEN&quot;:&quot;Full screen&quot;,&quot;THUMBS&quot;:&quot;Thumbnails&quot;,&quot;DOWNLOAD&quot;:&quot;Download&quot;,&quot;SHARE&quot;:&quot;Share&quot;,&quot;ZOOM&quot;:&quot;Zoom&quot;,&quot;EMAIL&quot;:&quot;Here is the link to the image : %%image_link%% and this is the link to the gallery : %%gallery_link%%&quot;,&quot;MODAL&quot;:&quot;You can close this modal content with the ESC key&quot;,&quot;ERROR&quot;:&quot;Something Went Wrong, Please Try Again Later&quot;,&quot;IMAGE_ERROR&quot;:&quot;Image Not Found&quot;,&quot;ELEMENT_NOT_FOUND&quot;:&quot;HTML Element Not Found&quot;,&quot;AJAX_NOT_FOUND&quot;:&quot;Error Loading AJAX : Not Found&quot;,&quot;AJAX_FORBIDDEN&quot;:&quot;Error Loading AJAX : Forbidden&quot;,&quot;IFRAME_ERROR&quot;:&quot;Error Loading Page&quot;,&quot;TOGGLE_ZOOM&quot;:&quot;Toggle zoom level&quot;,&quot;TOGGLE_THUMBS&quot;:&quot;Toggle thumbnails&quot;,&quot;TOGGLE_SLIDESHOW&quot;:&quot;Toggle slideshow&quot;,&quot;TOGGLE_FULLSCREEN&quot;:&quot;Toggle full-screen mode&quot;},&quot;Images&quot;:{&quot;Panzoom&quot;:{&quot;maxScale&quot;:2}},&quot;mainClass&quot;:&quot;modula-fancybox-container modula-lightbox-jtg-823&quot;,&quot;Html&quot;:{&quot;videoAutoplay&quot;:0,&quot;videoTpl&quot;:&quot;&lt;video class=\\&quot;fancybox__html5video\\&quot; controls muted playsinline controlsList controlsList=\\&quot;nodownload\\&quot; poster=\\&quot;{{poster}}\\&quot; src=\\&quot;{{src}}\\&quot; type=\\&quot;{{format}}\\&quot; &gt;  Sorry, your browser doesn&#039;t support embedded videos, &lt;a href=\\&quot;{{src}}\\&quot;&gt; download &lt;\\\/a&gt; and watch with your favorite video player! &lt;\\\/video&gt;&quot;}},&quot;inView&quot;:false,&quot;email_subject&quot;:&quot;Check out this awesome image !!&quot;,&quot;email_message&quot;:&quot;Here is the link to the image : %%image_link%% and this is the link to the gallery : %%gallery_link%%&quot;,&quot;lightbox&quot;:&quot;fancybox&quot;}\">\n\n\t\n\t<div  class=\"modula-items\">\n\t\t<div class=\"modula-item effect-pufrobo\" >\n\t<div class=\"modula-item-overlay\"><\/div>\n\n\t<div class=\"modula-item-content\">\n\n\t\t<a data-image-id=\"824\" role=\"button\" data-elementor-open-lightbox=\"no\" tabindex=\"0\" rel=\"jtg-823\" data-caption=\"\" aria-label=\"Open image in lightbox\" class=\"tile-inner modula-item-link\"><\/a><img decoding=\"async\" class=\"pic wp-image-824\"  data-valign=\"middle\" data-halign=\"center\" alt=\"\" data-full=\"https:\/\/anuario2023.torrefuerte.bo\/wp-content\/uploads\/2023\/12\/photo_4983308171544210339_y.jpg\" title=\"photo_4983308171544210339_y\" crop=\"\" width=\"1024\" height=\"768\" src=\"https:\/\/anuario2023.torrefuerte.bo\/wp-content\/uploads\/2023\/12\/photo_4983308171544210339_y-1024x768.jpg\" data-src=\"https:\/\/anuario2023.torrefuerte.bo\/wp-content\/uploads\/2023\/12\/photo_4983308171544210339_y-1024x768.jpg\" data-caption=\"\" srcset=\"https:\/\/anuario2023.torrefuerte.bo\/wp-content\/uploads\/2023\/12\/photo_4983308171544210339_y.jpg 1280w, https:\/\/anuario2023.torrefuerte.bo\/wp-content\/uploads\/2023\/12\/photo_4983308171544210339_y-300x225.jpg 300w, https:\/\/anuario2023.torrefuerte.bo\/wp-content\/uploads\/2023\/12\/photo_4983308171544210339_y-1024x768.jpg 1024w, https:\/\/anuario2023.torrefuerte.bo\/wp-content\/uploads\/2023\/12\/photo_4983308171544210339_y-768x576.jpg 768w, https:\/\/anuario2023.torrefuerte.bo\/wp-content\/uploads\/2023\/12\/photo_4983308171544210339_y-1170x878.jpg 1170w\" sizes=\"(max-width: 1024px) 100vw, 1024px\" \/>\n\t\t<div class=\"figc no-description\">\n\t\t\t<div class=\"figc-inner\">\n\t\t\t\t\t\t\t\t\t\t\t\t\t\t\t<\/div>\n\t\t<\/div>\n\n\t<\/div>\n\n<\/div><div class=\"modula-item effect-pufrobo\" >\n\t<div class=\"modula-item-overlay\"><\/div>\n\n\t<div class=\"modula-item-content\">\n\n\t\t<a data-image-id=\"825\" role=\"button\" data-elementor-open-lightbox=\"no\" tabindex=\"0\" rel=\"jtg-823\" data-caption=\"\" aria-label=\"Open image in lightbox\" class=\"tile-inner modula-item-link\"><\/a><img decoding=\"async\" class=\"pic wp-image-825\"  data-valign=\"middle\" data-halign=\"center\" alt=\"\" data-full=\"https:\/\/anuario2023.torrefuerte.bo\/wp-content\/uploads\/2023\/12\/photo_4983308171544210346_y.jpg\" title=\"photo_4983308171544210346_y\" crop=\"\" width=\"1024\" height=\"768\" src=\"https:\/\/anuario2023.torrefuerte.bo\/wp-content\/uploads\/2023\/12\/photo_4983308171544210346_y-1024x768.jpg\" data-src=\"https:\/\/anuario2023.torrefuerte.bo\/wp-content\/uploads\/2023\/12\/photo_4983308171544210346_y-1024x768.jpg\" data-caption=\"\" srcset=\"https:\/\/anuario2023.torrefuerte.bo\/wp-content\/uploads\/2023\/12\/photo_4983308171544210346_y.jpg 1280w, https:\/\/anuario2023.torrefuerte.bo\/wp-content\/uploads\/2023\/12\/photo_4983308171544210346_y-300x225.jpg 300w, https:\/\/anuario2023.torrefuerte.bo\/wp-content\/uploads\/2023\/12\/photo_4983308171544210346_y-1024x768.jpg 1024w, https:\/\/anuario2023.torrefuerte.bo\/wp-content\/uploads\/2023\/12\/photo_4983308171544210346_y-768x576.jpg 768w, https:\/\/anuario2023.torrefuerte.bo\/wp-content\/uploads\/2023\/12\/photo_4983308171544210346_y-1170x878.jpg 1170w\" sizes=\"(max-width: 1024px) 100vw, 1024px\" \/>\n\t\t<div class=\"figc no-description\">\n\t\t\t<div class=\"figc-inner\">\n\t\t\t\t\t\t\t\t\t\t\t\t\t\t\t<\/div>\n\t\t<\/div>\n\n\t<\/div>\n\n<\/div><div class=\"modula-item effect-pufrobo\" >\n\t<div class=\"modula-item-overlay\"><\/div>\n\n\t<div class=\"modula-item-content\">\n\n\t\t<a data-image-id=\"826\" role=\"button\" data-elementor-open-lightbox=\"no\" tabindex=\"0\" rel=\"jtg-823\" data-caption=\"\" aria-label=\"Open image in lightbox\" class=\"tile-inner modula-item-link\"><\/a><img loading=\"lazy\" decoding=\"async\" class=\"pic wp-image-826\"  data-valign=\"middle\" data-halign=\"center\" alt=\"\" data-full=\"https:\/\/anuario2023.torrefuerte.bo\/wp-content\/uploads\/2023\/12\/photo_4985559971357895541_y.jpg\" title=\"photo_4985559971357895541_y\" crop=\"\" width=\"1024\" height=\"768\" src=\"https:\/\/anuario2023.torrefuerte.bo\/wp-content\/uploads\/2023\/12\/photo_4985559971357895541_y-1024x768.jpg\" data-src=\"https:\/\/anuario2023.torrefuerte.bo\/wp-content\/uploads\/2023\/12\/photo_4985559971357895541_y-1024x768.jpg\" data-caption=\"\" srcset=\"https:\/\/anuario2023.torrefuerte.bo\/wp-content\/uploads\/2023\/12\/photo_4985559971357895541_y.jpg 1280w, https:\/\/anuario2023.torrefuerte.bo\/wp-content\/uploads\/2023\/12\/photo_4985559971357895541_y-300x225.jpg 300w, https:\/\/anuario2023.torrefuerte.bo\/wp-content\/uploads\/2023\/12\/photo_4985559971357895541_y-1024x768.jpg 1024w, https:\/\/anuario2023.torrefuerte.bo\/wp-content\/uploads\/2023\/12\/photo_4985559971357895541_y-768x576.jpg 768w, https:\/\/anuario2023.torrefuerte.bo\/wp-content\/uploads\/2023\/12\/photo_4985559971357895541_y-1170x878.jpg 1170w\" sizes=\"(max-width: 1024px) 100vw, 1024px\" \/>\n\t\t<div class=\"figc no-description\">\n\t\t\t<div class=\"figc-inner\">\n\t\t\t\t\t\t\t\t\t\t\t\t\t\t\t<\/div>\n\t\t<\/div>\n\n\t<\/div>\n\n<\/div><div class=\"modula-item effect-pufrobo\" >\n\t<div class=\"modula-item-overlay\"><\/div>\n\n\t<div class=\"modula-item-content\">\n\n\t\t<a data-image-id=\"827\" role=\"button\" data-elementor-open-lightbox=\"no\" tabindex=\"0\" rel=\"jtg-823\" data-caption=\"\" aria-label=\"Open image in lightbox\" class=\"tile-inner modula-item-link\"><\/a><img loading=\"lazy\" decoding=\"async\" class=\"pic wp-image-827\"  data-valign=\"middle\" data-halign=\"center\" alt=\"\" data-full=\"https:\/\/anuario2023.torrefuerte.bo\/wp-content\/uploads\/2023\/12\/photo_4985559971357895555_y.jpg\" title=\"photo_4985559971357895555_y\" crop=\"\" width=\"1024\" height=\"462\" src=\"https:\/\/anuario2023.torrefuerte.bo\/wp-content\/uploads\/2023\/12\/photo_4985559971357895555_y-1024x462.jpg\" data-src=\"https:\/\/anuario2023.torrefuerte.bo\/wp-content\/uploads\/2023\/12\/photo_4985559971357895555_y-1024x462.jpg\" data-caption=\"\" srcset=\"https:\/\/anuario2023.torrefuerte.bo\/wp-content\/uploads\/2023\/12\/photo_4985559971357895555_y.jpg 1280w, https:\/\/anuario2023.torrefuerte.bo\/wp-content\/uploads\/2023\/12\/photo_4985559971357895555_y-300x135.jpg 300w, https:\/\/anuario2023.torrefuerte.bo\/wp-content\/uploads\/2023\/12\/photo_4985559971357895555_y-1024x462.jpg 1024w, https:\/\/anuario2023.torrefuerte.bo\/wp-content\/uploads\/2023\/12\/photo_4985559971357895555_y-768x346.jpg 768w, https:\/\/anuario2023.torrefuerte.bo\/wp-content\/uploads\/2023\/12\/photo_4985559971357895555_y-1170x527.jpg 1170w\" sizes=\"(max-width: 1024px) 100vw, 1024px\" \/>\n\t\t<div class=\"figc no-description\">\n\t\t\t<div class=\"figc-inner\">\n\t\t\t\t\t\t\t\t\t\t\t\t\t\t\t<\/div>\n\t\t<\/div>\n\n\t<\/div>\n\n<\/div><div class=\"modula-item effect-pufrobo\" >\n\t<div class=\"modula-item-overlay\"><\/div>\n\n\t<div class=\"modula-item-content\">\n\n\t\t<a data-image-id=\"828\" role=\"button\" data-elementor-open-lightbox=\"no\" tabindex=\"0\" rel=\"jtg-823\" data-caption=\"\" aria-label=\"Open image in lightbox\" class=\"tile-inner modula-item-link\"><\/a><img loading=\"lazy\" decoding=\"async\" class=\"pic wp-image-828\"  data-valign=\"middle\" data-halign=\"center\" alt=\"\" data-full=\"https:\/\/anuario2023.torrefuerte.bo\/wp-content\/uploads\/2023\/12\/photo_4985559971357895569_y.jpg\" title=\"photo_4985559971357895569_y\" crop=\"\" width=\"1024\" height=\"462\" src=\"https:\/\/anuario2023.torrefuerte.bo\/wp-content\/uploads\/2023\/12\/photo_4985559971357895569_y-1024x462.jpg\" data-src=\"https:\/\/anuario2023.torrefuerte.bo\/wp-content\/uploads\/2023\/12\/photo_4985559971357895569_y-1024x462.jpg\" data-caption=\"\" srcset=\"https:\/\/anuario2023.torrefuerte.bo\/wp-content\/uploads\/2023\/12\/photo_4985559971357895569_y.jpg 1280w, https:\/\/anuario2023.torrefuerte.bo\/wp-content\/uploads\/2023\/12\/photo_4985559971357895569_y-300x135.jpg 300w, https:\/\/anuario2023.torrefuerte.bo\/wp-content\/uploads\/2023\/12\/photo_4985559971357895569_y-1024x462.jpg 1024w, https:\/\/anuario2023.torrefuerte.bo\/wp-content\/uploads\/2023\/12\/photo_4985559971357895569_y-768x346.jpg 768w, https:\/\/anuario2023.torrefuerte.bo\/wp-content\/uploads\/2023\/12\/photo_4985559971357895569_y-1170x527.jpg 1170w\" sizes=\"(max-width: 1024px) 100vw, 1024px\" \/>\n\t\t<div class=\"figc no-description\">\n\t\t\t<div class=\"figc-inner\">\n\t\t\t\t\t\t\t\t\t\t\t\t\t\t\t<\/div>\n\t\t<\/div>\n\n\t<\/div>\n\n<\/div><div class=\"modula-item effect-pufrobo\" >\n\t<div class=\"modula-item-overlay\"><\/div>\n\n\t<div class=\"modula-item-content\">\n\n\t\t<a data-image-id=\"829\" role=\"button\" data-elementor-open-lightbox=\"no\" tabindex=\"0\" rel=\"jtg-823\" data-caption=\"\" aria-label=\"Open image in lightbox\" class=\"tile-inner modula-item-link\"><\/a><img loading=\"lazy\" decoding=\"async\" class=\"pic wp-image-829\"  data-valign=\"middle\" data-halign=\"center\" alt=\"\" data-full=\"https:\/\/anuario2023.torrefuerte.bo\/wp-content\/uploads\/2023\/12\/photo_4985559971357895583_y.jpg\" title=\"photo_4985559971357895583_y\" crop=\"\" width=\"1024\" height=\"768\" src=\"https:\/\/anuario2023.torrefuerte.bo\/wp-content\/uploads\/2023\/12\/photo_4985559971357895583_y-1024x768.jpg\" data-src=\"https:\/\/anuario2023.torrefuerte.bo\/wp-content\/uploads\/2023\/12\/photo_4985559971357895583_y-1024x768.jpg\" data-caption=\"\" srcset=\"https:\/\/anuario2023.torrefuerte.bo\/wp-content\/uploads\/2023\/12\/photo_4985559971357895583_y.jpg 1280w, https:\/\/anuario2023.torrefuerte.bo\/wp-content\/uploads\/2023\/12\/photo_4985559971357895583_y-300x225.jpg 300w, https:\/\/anuario2023.torrefuerte.bo\/wp-content\/uploads\/2023\/12\/photo_4985559971357895583_y-1024x768.jpg 1024w, https:\/\/anuario2023.torrefuerte.bo\/wp-content\/uploads\/2023\/12\/photo_4985559971357895583_y-768x576.jpg 768w, https:\/\/anuario2023.torrefuerte.bo\/wp-content\/uploads\/2023\/12\/photo_4985559971357895583_y-1170x878.jpg 1170w\" sizes=\"(max-width: 1024px) 100vw, 1024px\" \/>\n\t\t<div class=\"figc no-description\">\n\t\t\t<div class=\"figc-inner\">\n\t\t\t\t\t\t\t\t\t\t\t\t\t\t\t<\/div>\n\t\t<\/div>\n\n\t<\/div>\n\n<\/div>\t\t\n\t<\/div>\n\n\t\n\t\n\t<script type=\"application\/ld+json\">\n\t{\n\t\t\"@context\": \"http:\/\/schema.org\",\n\t\t\"@type\"   : \"ImageGallery\",\n\t\t\"id\"      : \"https:\/\/anuario2023.torrefuerte.bo\/index.php\/eventos\/holy-youth\/retorno-de-los-youth\/\",\n\t\t\"url\"     : \"https:\/\/anuario2023.torrefuerte.bo\/index.php\/eventos\/holy-youth\/retorno-de-los-youth\/\"\n\t}\n\n\t<\/script>\n\n\t\n<\/div>\n\n\n\n<div class=\"wp-block-buttons is-layout-flex wp-block-buttons-is-layout-flex\">\n<div class=\"wp-block-button\"><a class=\"wp-block-button__link wp-element-button\" href=\"https:\/\/anuario2023.torrefuerte.bo\/index.php\/holy-youth\/\">Volver<\/a><\/div>\n<\/div>\n","protected":false},"excerpt":{"rendered":"<p>El 30 de septiembre, la red de juveniles de 13 a 18 a\u00f1os, Holy Youth, se congreg\u00f3 en el auditorio principal de Torre Fuerte para el evento &#8220;El Retorno de los Youth: el lado oscuro no prevalecer\u00e1&#8221;. M\u00e1s de 60 j\u00f3venes participaron en una tarde llena de ense\u00f1anzas significativas y momentos de profunda conexi\u00f3n espiritual. [&hellip;]<\/p>\n","protected":false},"author":2,"featured_media":0,"parent":816,"menu_order":2,"comment_status":"closed","ping_status":"closed","template":"","meta":{"om_disable_all_campaigns":false,"_monsterinsights_skip_tracking":false,"_monsterinsights_sitenote_active":false,"_monsterinsights_sitenote_note":"","_monsterinsights_sitenote_category":0,"_uf_show_specific_survey":0,"_uf_disable_surveys":false,"footnotes":""},"class_list":["post-814","page","type-page","status-publish","hentry"],"aioseo_notices":[],"_links":{"self":[{"href":"https:\/\/anuario2023.torrefuerte.bo\/index.php\/wp-json\/wp\/v2\/pages\/814","targetHints":{"allow":["GET"]}}],"collection":[{"href":"https:\/\/anuario2023.torrefuerte.bo\/index.php\/wp-json\/wp\/v2\/pages"}],"about":[{"href":"https:\/\/anuario2023.torrefuerte.bo\/index.php\/wp-json\/wp\/v2\/types\/page"}],"author":[{"embeddable":true,"href":"https:\/\/anuario2023.torrefuerte.bo\/index.php\/wp-json\/wp\/v2\/users\/2"}],"replies":[{"embeddable":true,"href":"https:\/\/anuario2023.torrefuerte.bo\/index.php\/wp-json\/wp\/v2\/comments?post=814"}],"version-history":[{"count":5,"href":"https:\/\/anuario2023.torrefuerte.bo\/index.php\/wp-json\/wp\/v2\/pages\/814\/revisions"}],"predecessor-version":[{"id":830,"href":"https:\/\/anuario2023.torrefuerte.bo\/index.php\/wp-json\/wp\/v2\/pages\/814\/revisions\/830"}],"up":[{"embeddable":true,"href":"https:\/\/anuario2023.torrefuerte.bo\/index.php\/wp-json\/wp\/v2\/pages\/816"}],"wp:attachment":[{"href":"https:\/\/anuario2023.torrefuerte.bo\/index.php\/wp-json\/wp\/v2\/media?parent=814"}],"curies":[{"name":"wp","href":"https:\/\/api.w.org\/{rel}","templated":true}]}}