{"id":732,"date":"2023-12-10T02:06:58","date_gmt":"2023-12-10T02:06:58","guid":{"rendered":"https:\/\/anuario2023.torrefuerte.bo\/?page_id=732"},"modified":"2023-12-14T15:51:59","modified_gmt":"2023-12-14T15:51:59","slug":"oracion-de-madrugada","status":"publish","type":"page","link":"https:\/\/anuario2023.torrefuerte.bo\/index.php\/eventos\/red-de-matrimonios\/oracion-de-madrugada\/","title":{"rendered":"Oraci\u00f3n de Madrugada"},"content":{"rendered":"\n<figure class=\"wp-block-image size-large\"><img fetchpriority=\"high\" decoding=\"async\" width=\"1024\" height=\"356\" src=\"http:\/\/anuario2023.torrefuerte.bo\/wp-content\/uploads\/2023\/12\/OracionMadrugada-1024x356.jpg\" alt=\"\" class=\"wp-image-734\" srcset=\"https:\/\/anuario2023.torrefuerte.bo\/wp-content\/uploads\/2023\/12\/OracionMadrugada-1024x356.jpg 1024w, https:\/\/anuario2023.torrefuerte.bo\/wp-content\/uploads\/2023\/12\/OracionMadrugada-300x104.jpg 300w, https:\/\/anuario2023.torrefuerte.bo\/wp-content\/uploads\/2023\/12\/OracionMadrugada-768x267.jpg 768w, https:\/\/anuario2023.torrefuerte.bo\/wp-content\/uploads\/2023\/12\/OracionMadrugada-1536x533.jpg 1536w, https:\/\/anuario2023.torrefuerte.bo\/wp-content\/uploads\/2023\/12\/OracionMadrugada-1170x406.jpg 1170w, https:\/\/anuario2023.torrefuerte.bo\/wp-content\/uploads\/2023\/12\/OracionMadrugada.jpg 1921w\" sizes=\"(max-width: 1024px) 100vw, 1024px\" \/><\/figure>\n\n\n\n<p class=\"has-text-align-center\"><strong>Buscando a Dios Juntos<\/strong><\/p>\n\n\n\n<p>Bajo la inspiraci\u00f3n del <strong><em>Salmo 63:1<\/em><\/strong>, que proclama, <em><strong>&#8220;Dios, Dios m\u00edo eres t\u00fa; De madrugada te buscar\u00e9; Mi alma tiene sed de ti, mi carne te anhela, En tierra seca y \u00e1rida donde no hay agua,&#8221;<\/strong><\/em> la Red de Matrimonios se congrega cada primer s\u00e1bado de mes para un tiempo dedicado a la oraci\u00f3n e intercesi\u00f3n.<\/p>\n\n\n\n<p>Desde las 6:00 am, las parejas se unen en un clamor conjunto, buscando el rostro de Dios y deseando que Su voluntad se manifieste en sus vidas, familias, iglesia y naci\u00f3n. Sesenta minutos intensos de alabanza y oraci\u00f3n los conectan espiritualmente.<\/p>\n\n\n\n<p>Posteriormente, este lazo espiritual se refuerza compartiendo un desayuno en la Pascana, consolidando no solo la comuni\u00f3n con Dios sino tambi\u00e9n la amistad entre las parejas.<\/p>\n\n\n\n<p>En este nuevo a\u00f1o 2024, la Red de Matrimonios continuar\u00e1 esta hermosa tradici\u00f3n, reconociendo que la oraci\u00f3n es el medio por el cual se aseguran bendiciones para las pr\u00f3ximas generaciones.<\/p>\n\n\n\n<figure class=\"wp-block-image size-large\"><img decoding=\"async\" width=\"1024\" height=\"576\" src=\"http:\/\/anuario2023.torrefuerte.bo\/wp-content\/uploads\/2023\/12\/WhatsApp-Image-2023-10-07-at-06.45.32-1024x576.jpeg\" alt=\"\" class=\"wp-image-1362\" srcset=\"https:\/\/anuario2023.torrefuerte.bo\/wp-content\/uploads\/2023\/12\/WhatsApp-Image-2023-10-07-at-06.45.32-1024x576.jpeg 1024w, https:\/\/anuario2023.torrefuerte.bo\/wp-content\/uploads\/2023\/12\/WhatsApp-Image-2023-10-07-at-06.45.32-300x169.jpeg 300w, https:\/\/anuario2023.torrefuerte.bo\/wp-content\/uploads\/2023\/12\/WhatsApp-Image-2023-10-07-at-06.45.32-768x432.jpeg 768w, https:\/\/anuario2023.torrefuerte.bo\/wp-content\/uploads\/2023\/12\/WhatsApp-Image-2023-10-07-at-06.45.32-1170x658.jpeg 1170w, https:\/\/anuario2023.torrefuerte.bo\/wp-content\/uploads\/2023\/12\/WhatsApp-Image-2023-10-07-at-06.45.32.jpeg 1280w\" sizes=\"(max-width: 1024px) 100vw, 1024px\" \/><\/figure>\n\n\n\n<div class=\"wp-block-buttons is-layout-flex wp-block-buttons-is-layout-flex\">\n<div class=\"wp-block-button\"><a class=\"wp-block-button__link wp-element-button\" href=\"https:\/\/anuario2023.torrefuerte.bo\/index.php\/red-de-matrimonios\/\">Volver<\/a><\/div>\n<\/div>\n","protected":false},"excerpt":{"rendered":"<p>Buscando a Dios Juntos Bajo la inspiraci\u00f3n del Salmo 63:1, que proclama, &#8220;Dios, Dios m\u00edo eres t\u00fa; De madrugada te buscar\u00e9; Mi alma tiene sed de ti, mi carne te anhela, En tierra seca y \u00e1rida donde no hay agua,&#8221; la Red de Matrimonios se congrega cada primer s\u00e1bado de mes para un tiempo dedicado [&hellip;]<\/p>\n","protected":false},"author":2,"featured_media":0,"parent":529,"menu_order":3,"comment_status":"closed","ping_status":"closed","template":"","meta":{"om_disable_all_campaigns":false,"_monsterinsights_skip_tracking":false,"_monsterinsights_sitenote_active":false,"_monsterinsights_sitenote_note":"","_monsterinsights_sitenote_category":0,"_uf_show_specific_survey":0,"_uf_disable_surveys":false,"footnotes":""},"class_list":["post-732","page","type-page","status-publish","hentry"],"aioseo_notices":[],"_links":{"self":[{"href":"https:\/\/anuario2023.torrefuerte.bo\/index.php\/wp-json\/wp\/v2\/pages\/732","targetHints":{"allow":["GET"]}}],"collection":[{"href":"https:\/\/anuario2023.torrefuerte.bo\/index.php\/wp-json\/wp\/v2\/pages"}],"about":[{"href":"https:\/\/anuario2023.torrefuerte.bo\/index.php\/wp-json\/wp\/v2\/types\/page"}],"author":[{"embeddable":true,"href":"https:\/\/anuario2023.torrefuerte.bo\/index.php\/wp-json\/wp\/v2\/users\/2"}],"replies":[{"embeddable":true,"href":"https:\/\/anuario2023.torrefuerte.bo\/index.php\/wp-json\/wp\/v2\/comments?post=732"}],"version-history":[{"count":3,"href":"https:\/\/anuario2023.torrefuerte.bo\/index.php\/wp-json\/wp\/v2\/pages\/732\/revisions"}],"predecessor-version":[{"id":1363,"href":"https:\/\/anuario2023.torrefuerte.bo\/index.php\/wp-json\/wp\/v2\/pages\/732\/revisions\/1363"}],"up":[{"embeddable":true,"href":"https:\/\/anuario2023.torrefuerte.bo\/index.php\/wp-json\/wp\/v2\/pages\/529"}],"wp:attachment":[{"href":"https:\/\/anuario2023.torrefuerte.bo\/index.php\/wp-json\/wp\/v2\/media?parent=732"}],"curies":[{"name":"wp","href":"https:\/\/api.w.org\/{rel}","templated":true}]}}