{"id":70,"date":"2023-11-22T15:20:00","date_gmt":"2023-11-22T15:20:00","guid":{"rendered":"https:\/\/anuario2023.torrefuerte.bo\/?page_id=70"},"modified":"2023-12-13T16:25:53","modified_gmt":"2023-12-13T16:25:53","slug":"pastores-toto-y-silvia-salcedo","status":"publish","type":"page","link":"https:\/\/anuario2023.torrefuerte.bo\/index.php\/pastores-toto-y-silvia-salcedo\/","title":{"rendered":"Pastores Alberto (Toto) y Silvia Salcedo"},"content":{"rendered":"\n<p>Tuvimos el honor de recibir a los muy apreciados pastores ancianos Alberto (Toto) y Silvia Salcedo, quienes compartieron su sabidur\u00eda y fe con un inolvidable domingo. Durante esta bendecida jornada, disfrutamos de la ense\u00f1anza y la inspiradora palabra de ambos pastores.<\/p>\n\n\n\n<p>Te invitamos a leer el resumen de la <strong>pr\u00e9dica del Pr. Alberto (Toto) <a href=\"https:\/\/anuario2023.torrefuerte.bo\/index.php\/predica-pastor-salcedo\/\">AQU\u00cd<\/a><\/strong>.<\/p>\n\n\n\n<p>Tambi\u00e9n puedes leer <strong><a href=\"https:\/\/anuario2023.torrefuerte.bo\/index.php\/predica-pastora-silvia\/\">AQU\u00cd <\/a><\/strong>el resumen de la pr\u00e9dica de la Pra. Silvia.<\/p>\n\n\n\n<div class=\"wp-block-group is-layout-constrained wp-block-group-is-layout-constrained\">\n<div class=\"wp-block-group is-layout-constrained wp-block-group-is-layout-constrained\">\n<div class=\"wp-block-columns is-layout-flex wp-container-core-columns-is-layout-28f84493 wp-block-columns-is-layout-flex\">\n<div class=\"wp-block-column is-layout-flow wp-block-column-is-layout-flow\" style=\"flex-basis:100%\"><\/div>\n<\/div>\n<\/div>\n<\/div>\n\n\n<div  id=\"jtg-51\" class=\"modula modula-gallery modula-creative-gallery\" data-config=\"{&quot;height&quot;:800,&quot;tabletHeight&quot;:800,&quot;mobileHeight&quot;:800,&quot;desktopHeight&quot;:800,&quot;enableTwitter&quot;:false,&quot;enableWhatsapp&quot;:false,&quot;enableFacebook&quot;:false,&quot;enablePinterest&quot;:false,&quot;enableLinkedin&quot;:false,&quot;enableEmail&quot;:false,&quot;randomFactor&quot;:0,&quot;type&quot;:&quot;creative-gallery&quot;,&quot;columns&quot;:12,&quot;gutter&quot;:10,&quot;mobileGutter&quot;:10,&quot;tabletGutter&quot;:10,&quot;desktopGutter&quot;:10,&quot;enableResponsive&quot;:&quot;0&quot;,&quot;tabletColumns&quot;:&quot;2&quot;,&quot;mobileColumns&quot;:&quot;1&quot;,&quot;lazyLoad&quot;:0,&quot;lightboxOpts&quot;:{&quot;animated&quot;:true,&quot;Thumbs&quot;:{&quot;type&quot;:&quot;modern&quot;,&quot;showOnStart&quot;:false},&quot;Toolbar&quot;:{&quot;display&quot;:{&quot;right&quot;:[&quot;close&quot;]},&quot;enabled&quot;:true},&quot;Carousel&quot;:{&quot;Panzoom&quot;:{&quot;touch&quot;:true},&quot;infinite&quot;:false},&quot;keyboard&quot;:{&quot;Escape&quot;:&quot;close&quot;,&quot;Delete&quot;:&quot;close&quot;,&quot;Backspace&quot;:&quot;close&quot;,&quot;PageUp&quot;:false,&quot;PageDown&quot;:false,&quot;ArrowUp&quot;:false,&quot;ArrowDown&quot;:false,&quot;ArrowRight&quot;:false,&quot;ArrowLeft&quot;:false},&quot;touch&quot;:false,&quot;backdropClick&quot;:false,&quot;l10n&quot;:{&quot;CLOSE&quot;:&quot;Close&quot;,&quot;NEXT&quot;:&quot;Next&quot;,&quot;PREV&quot;:&quot;Previous&quot;,&quot;Error&quot;:&quot;The requested content cannot be loaded. Please try again later.&quot;,&quot;PLAY_START&quot;:&quot;Start slideshow&quot;,&quot;PLAY_STOP&quot;:&quot;Pause slideshow&quot;,&quot;FULL_SCREEN&quot;:&quot;Full screen&quot;,&quot;THUMBS&quot;:&quot;Thumbnails&quot;,&quot;DOWNLOAD&quot;:&quot;Download&quot;,&quot;SHARE&quot;:&quot;Share&quot;,&quot;ZOOM&quot;:&quot;Zoom&quot;,&quot;EMAIL&quot;:&quot;Here is the link to the image : %%image_link%% and this is the link to the gallery : %%gallery_link%%&quot;,&quot;MODAL&quot;:&quot;You can close this modal content with the ESC key&quot;,&quot;ERROR&quot;:&quot;Something Went Wrong, Please Try Again Later&quot;,&quot;IMAGE_ERROR&quot;:&quot;Image Not Found&quot;,&quot;ELEMENT_NOT_FOUND&quot;:&quot;HTML Element Not Found&quot;,&quot;AJAX_NOT_FOUND&quot;:&quot;Error Loading AJAX : Not Found&quot;,&quot;AJAX_FORBIDDEN&quot;:&quot;Error Loading AJAX : Forbidden&quot;,&quot;IFRAME_ERROR&quot;:&quot;Error Loading Page&quot;,&quot;TOGGLE_ZOOM&quot;:&quot;Toggle zoom level&quot;,&quot;TOGGLE_THUMBS&quot;:&quot;Toggle thumbnails&quot;,&quot;TOGGLE_SLIDESHOW&quot;:&quot;Toggle slideshow&quot;,&quot;TOGGLE_FULLSCREEN&quot;:&quot;Toggle full-screen mode&quot;},&quot;Images&quot;:{&quot;Panzoom&quot;:{&quot;maxScale&quot;:2}},&quot;mainClass&quot;:&quot;modula-fancybox-container modula-lightbox-jtg-51&quot;,&quot;Html&quot;:{&quot;videoAutoplay&quot;:0,&quot;videoTpl&quot;:&quot;&lt;video class=\\&quot;fancybox__html5video\\&quot; controls muted playsinline controlsList controlsList=\\&quot;nodownload\\&quot; poster=\\&quot;{{poster}}\\&quot; src=\\&quot;{{src}}\\&quot; type=\\&quot;{{format}}\\&quot; &gt;  Sorry, your browser doesn&#039;t support embedded videos, &lt;a href=\\&quot;{{src}}\\&quot;&gt; download &lt;\\\/a&gt; and watch with your favorite video player! &lt;\\\/video&gt;&quot;}},&quot;inView&quot;:false,&quot;email_subject&quot;:&quot;Check out this awesome image !!&quot;,&quot;email_message&quot;:&quot;Here is the link to the image : %%image_link%% and this is the link to the gallery : %%gallery_link%%&quot;,&quot;lightbox&quot;:&quot;fancybox&quot;}\">\n\n\t\n\t<div  class=\"modula-items\">\n\t\t<div class=\"modula-item effect-pufrobo\" >\n\t<div class=\"modula-item-overlay\"><\/div>\n\n\t<div class=\"modula-item-content\">\n\n\t\t<a data-image-id=\"54\" role=\"button\" data-elementor-open-lightbox=\"no\" tabindex=\"0\" rel=\"jtg-51\" data-caption=\"\" aria-label=\"Open image in lightbox\" class=\"tile-inner modula-item-link\"><\/a><img fetchpriority=\"high\" decoding=\"async\" class=\"pic wp-image-54\"  data-valign=\"middle\" data-halign=\"center\" alt=\"\" data-full=\"https:\/\/anuario2023.torrefuerte.bo\/wp-content\/uploads\/2023\/11\/05_PrsSalcedo04-1.jpg\" title=\"05_PrsSalcedo04\" crop=\"\" width=\"300\" height=\"207\" src=\"https:\/\/anuario2023.torrefuerte.bo\/wp-content\/uploads\/2023\/11\/05_PrsSalcedo04-1-300x207.jpg\" data-src=\"https:\/\/anuario2023.torrefuerte.bo\/wp-content\/uploads\/2023\/11\/05_PrsSalcedo04-1-300x207.jpg\" data-caption=\"\" srcset=\"https:\/\/anuario2023.torrefuerte.bo\/wp-content\/uploads\/2023\/11\/05_PrsSalcedo04-1.jpg 1448w, https:\/\/anuario2023.torrefuerte.bo\/wp-content\/uploads\/2023\/11\/05_PrsSalcedo04-1-300x207.jpg 300w, https:\/\/anuario2023.torrefuerte.bo\/wp-content\/uploads\/2023\/11\/05_PrsSalcedo04-1-1024x707.jpg 1024w, https:\/\/anuario2023.torrefuerte.bo\/wp-content\/uploads\/2023\/11\/05_PrsSalcedo04-1-768x530.jpg 768w\" sizes=\"(max-width: 300px) 100vw, 300px\" \/>\n\t\t<div class=\"figc no-description\">\n\t\t\t<div class=\"figc-inner\">\n\t\t\t\t\t\t\t\t\t\t\t\t\t\t\t<\/div>\n\t\t<\/div>\n\n\t<\/div>\n\n<\/div><div class=\"modula-item effect-pufrobo\" >\n\t<div class=\"modula-item-overlay\"><\/div>\n\n\t<div class=\"modula-item-content\">\n\n\t\t<a data-image-id=\"52\" role=\"button\" data-elementor-open-lightbox=\"no\" tabindex=\"0\" rel=\"jtg-51\" data-caption=\"\" aria-label=\"Open image in lightbox\" class=\"tile-inner modula-item-link\"><\/a><img decoding=\"async\" class=\"pic wp-image-52\"  data-valign=\"middle\" data-halign=\"center\" alt=\"Pr. Toto Salcedo\" data-full=\"https:\/\/anuario2023.torrefuerte.bo\/wp-content\/uploads\/2023\/11\/05_PrsSalcedo01-1.jpg\" title=\"Pr. Toto Salcedo\" crop=\"\" width=\"300\" height=\"263\" src=\"https:\/\/anuario2023.torrefuerte.bo\/wp-content\/uploads\/2023\/11\/05_PrsSalcedo01-1-300x263.jpg\" data-src=\"https:\/\/anuario2023.torrefuerte.bo\/wp-content\/uploads\/2023\/11\/05_PrsSalcedo01-1-300x263.jpg\" data-caption=\"\" srcset=\"https:\/\/anuario2023.torrefuerte.bo\/wp-content\/uploads\/2023\/11\/05_PrsSalcedo01-1.jpg 1140w, https:\/\/anuario2023.torrefuerte.bo\/wp-content\/uploads\/2023\/11\/05_PrsSalcedo01-1-300x263.jpg 300w, https:\/\/anuario2023.torrefuerte.bo\/wp-content\/uploads\/2023\/11\/05_PrsSalcedo01-1-1024x898.jpg 1024w, https:\/\/anuario2023.torrefuerte.bo\/wp-content\/uploads\/2023\/11\/05_PrsSalcedo01-1-768x674.jpg 768w\" sizes=\"(max-width: 300px) 100vw, 300px\" \/>\n\t\t<div class=\"figc no-description\">\n\t\t\t<div class=\"figc-inner\">\n\t\t\t\t\t\t\t\t\t\t\t\t\t\t\t<\/div>\n\t\t<\/div>\n\n\t<\/div>\n\n<\/div><div class=\"modula-item effect-pufrobo\" >\n\t<div class=\"modula-item-overlay\"><\/div>\n\n\t<div class=\"modula-item-content\">\n\n\t\t<a data-image-id=\"53\" role=\"button\" data-elementor-open-lightbox=\"no\" tabindex=\"0\" rel=\"jtg-51\" data-caption=\"\" aria-label=\"Open image in lightbox\" class=\"tile-inner modula-item-link\"><\/a><img decoding=\"async\" class=\"pic wp-image-53\"  data-valign=\"middle\" data-halign=\"center\" alt=\"\" data-full=\"https:\/\/anuario2023.torrefuerte.bo\/wp-content\/uploads\/2023\/11\/05_PrsSalcedo02-1.jpg\" title=\"05_PrsSalcedo02\" crop=\"\" width=\"300\" height=\"263\" src=\"https:\/\/anuario2023.torrefuerte.bo\/wp-content\/uploads\/2023\/11\/05_PrsSalcedo02-1-300x263.jpg\" data-src=\"https:\/\/anuario2023.torrefuerte.bo\/wp-content\/uploads\/2023\/11\/05_PrsSalcedo02-1-300x263.jpg\" data-caption=\"\" srcset=\"https:\/\/anuario2023.torrefuerte.bo\/wp-content\/uploads\/2023\/11\/05_PrsSalcedo02-1.jpg 1140w, https:\/\/anuario2023.torrefuerte.bo\/wp-content\/uploads\/2023\/11\/05_PrsSalcedo02-1-300x263.jpg 300w, https:\/\/anuario2023.torrefuerte.bo\/wp-content\/uploads\/2023\/11\/05_PrsSalcedo02-1-1024x898.jpg 1024w, https:\/\/anuario2023.torrefuerte.bo\/wp-content\/uploads\/2023\/11\/05_PrsSalcedo02-1-768x674.jpg 768w\" sizes=\"(max-width: 300px) 100vw, 300px\" \/>\n\t\t<div class=\"figc no-description\">\n\t\t\t<div class=\"figc-inner\">\n\t\t\t\t\t\t\t\t\t\t\t\t\t\t\t<\/div>\n\t\t<\/div>\n\n\t<\/div>\n\n<\/div><div class=\"modula-item effect-pufrobo\" >\n\t<div class=\"modula-item-overlay\"><\/div>\n\n\t<div class=\"modula-item-content\">\n\n\t\t<a data-image-id=\"55\" role=\"button\" data-elementor-open-lightbox=\"no\" tabindex=\"0\" rel=\"jtg-51\" data-caption=\"\" aria-label=\"Open image in lightbox\" class=\"tile-inner modula-item-link\"><\/a><img loading=\"lazy\" decoding=\"async\" class=\"pic wp-image-55\"  data-valign=\"middle\" data-halign=\"center\" alt=\"\" data-full=\"https:\/\/anuario2023.torrefuerte.bo\/wp-content\/uploads\/2023\/11\/05_PrsSalcedo05-1.jpg\" title=\"05_PrsSalcedo05\" crop=\"\" width=\"300\" height=\"207\" src=\"https:\/\/anuario2023.torrefuerte.bo\/wp-content\/uploads\/2023\/11\/05_PrsSalcedo05-1-300x207.jpg\" data-src=\"https:\/\/anuario2023.torrefuerte.bo\/wp-content\/uploads\/2023\/11\/05_PrsSalcedo05-1-300x207.jpg\" data-caption=\"\" srcset=\"https:\/\/anuario2023.torrefuerte.bo\/wp-content\/uploads\/2023\/11\/05_PrsSalcedo05-1.jpg 1448w, https:\/\/anuario2023.torrefuerte.bo\/wp-content\/uploads\/2023\/11\/05_PrsSalcedo05-1-300x207.jpg 300w, https:\/\/anuario2023.torrefuerte.bo\/wp-content\/uploads\/2023\/11\/05_PrsSalcedo05-1-1024x707.jpg 1024w, https:\/\/anuario2023.torrefuerte.bo\/wp-content\/uploads\/2023\/11\/05_PrsSalcedo05-1-768x530.jpg 768w\" sizes=\"(max-width: 300px) 100vw, 300px\" \/>\n\t\t<div class=\"figc no-description\">\n\t\t\t<div class=\"figc-inner\">\n\t\t\t\t\t\t\t\t\t\t\t\t\t\t\t<\/div>\n\t\t<\/div>\n\n\t<\/div>\n\n<\/div><div class=\"modula-item effect-pufrobo\" >\n\t<div class=\"modula-item-overlay\"><\/div>\n\n\t<div class=\"modula-item-content\">\n\n\t\t<a data-image-id=\"57\" role=\"button\" data-elementor-open-lightbox=\"no\" tabindex=\"0\" rel=\"jtg-51\" data-caption=\"\" aria-label=\"Open image in lightbox\" class=\"tile-inner modula-item-link\"><\/a><img loading=\"lazy\" decoding=\"async\" class=\"pic wp-image-57\"  data-valign=\"middle\" data-halign=\"center\" alt=\"\" data-full=\"https:\/\/anuario2023.torrefuerte.bo\/wp-content\/uploads\/2023\/11\/05_PrsSalcedo03-1.jpg\" title=\"05_PrsSalcedo03\" crop=\"\" width=\"300\" height=\"263\" src=\"https:\/\/anuario2023.torrefuerte.bo\/wp-content\/uploads\/2023\/11\/05_PrsSalcedo03-1-300x263.jpg\" data-src=\"https:\/\/anuario2023.torrefuerte.bo\/wp-content\/uploads\/2023\/11\/05_PrsSalcedo03-1-300x263.jpg\" data-caption=\"\" srcset=\"https:\/\/anuario2023.torrefuerte.bo\/wp-content\/uploads\/2023\/11\/05_PrsSalcedo03-1.jpg 1140w, https:\/\/anuario2023.torrefuerte.bo\/wp-content\/uploads\/2023\/11\/05_PrsSalcedo03-1-300x263.jpg 300w, https:\/\/anuario2023.torrefuerte.bo\/wp-content\/uploads\/2023\/11\/05_PrsSalcedo03-1-1024x898.jpg 1024w, https:\/\/anuario2023.torrefuerte.bo\/wp-content\/uploads\/2023\/11\/05_PrsSalcedo03-1-768x674.jpg 768w\" sizes=\"(max-width: 300px) 100vw, 300px\" \/>\n\t\t<div class=\"figc no-description\">\n\t\t\t<div class=\"figc-inner\">\n\t\t\t\t\t\t\t\t\t\t\t\t\t\t\t<\/div>\n\t\t<\/div>\n\n\t<\/div>\n\n<\/div>\t\t\n\t<\/div>\n\n\t\n\t\n\t<script type=\"application\/ld+json\">\n\t{\n\t\t\"@context\": \"http:\/\/schema.org\",\n\t\t\"@type\"   : \"ImageGallery\",\n\t\t\"id\"      : \"https:\/\/anuario2023.torrefuerte.bo\/index.php\/pastores-toto-y-silvia-salcedo\/\",\n\t\t\"url\"     : \"https:\/\/anuario2023.torrefuerte.bo\/index.php\/pastores-toto-y-silvia-salcedo\/\"\n\t}\n\n\t<\/script>\n\n\t\n<\/div>\n\n\n\n<div class=\"wp-block-buttons is-layout-flex wp-block-buttons-is-layout-flex\">\n<div class=\"wp-block-button\"><a class=\"wp-block-button__link wp-element-button\" href=\"https:\/\/anuario2023.torrefuerte.bo#Salcedo\">Volver<\/a><\/div>\n<\/div>\n","protected":false},"excerpt":{"rendered":"<p>Tuvimos el honor de recibir a los muy apreciados pastores ancianos Alberto (Toto) y Silvia Salcedo, quienes compartieron su sabidur\u00eda y fe con un inolvidable domingo. Durante esta bendecida jornada, disfrutamos de la ense\u00f1anza y la inspiradora palabra de ambos pastores. Te invitamos a leer el resumen de la pr\u00e9dica del Pr. Alberto (Toto) AQU\u00cd. [&hellip;]<\/p>\n","protected":false},"author":2,"featured_media":0,"parent":0,"menu_order":0,"comment_status":"closed","ping_status":"closed","template":"","meta":{"om_disable_all_campaigns":false,"_monsterinsights_skip_tracking":false,"_monsterinsights_sitenote_active":false,"_monsterinsights_sitenote_note":"","_monsterinsights_sitenote_category":0,"_uf_show_specific_survey":0,"_uf_disable_surveys":false,"footnotes":""},"class_list":["post-70","page","type-page","status-publish","hentry"],"aioseo_notices":[],"_links":{"self":[{"href":"https:\/\/anuario2023.torrefuerte.bo\/index.php\/wp-json\/wp\/v2\/pages\/70","targetHints":{"allow":["GET"]}}],"collection":[{"href":"https:\/\/anuario2023.torrefuerte.bo\/index.php\/wp-json\/wp\/v2\/pages"}],"about":[{"href":"https:\/\/anuario2023.torrefuerte.bo\/index.php\/wp-json\/wp\/v2\/types\/page"}],"author":[{"embeddable":true,"href":"https:\/\/anuario2023.torrefuerte.bo\/index.php\/wp-json\/wp\/v2\/users\/2"}],"replies":[{"embeddable":true,"href":"https:\/\/anuario2023.torrefuerte.bo\/index.php\/wp-json\/wp\/v2\/comments?post=70"}],"version-history":[{"count":15,"href":"https:\/\/anuario2023.torrefuerte.bo\/index.php\/wp-json\/wp\/v2\/pages\/70\/revisions"}],"predecessor-version":[{"id":1211,"href":"https:\/\/anuario2023.torrefuerte.bo\/index.php\/wp-json\/wp\/v2\/pages\/70\/revisions\/1211"}],"wp:attachment":[{"href":"https:\/\/anuario2023.torrefuerte.bo\/index.php\/wp-json\/wp\/v2\/media?parent=70"}],"curies":[{"name":"wp","href":"https:\/\/api.w.org\/{rel}","templated":true}]}}