{"id":516,"date":"2023-12-07T16:33:53","date_gmt":"2023-12-07T16:33:53","guid":{"rendered":"https:\/\/anuario2023.torrefuerte.bo\/?page_id=516"},"modified":"2023-12-12T13:59:16","modified_gmt":"2023-12-12T13:59:16","slug":"eventos","status":"publish","type":"page","link":"https:\/\/anuario2023.torrefuerte.bo\/index.php\/eventos\/","title":{"rendered":"Eventos que marcaron el 2023"},"content":{"rendered":"\n<p class=\"has-text-align-center\"><strong>Un A\u00f1o de Crecimiento y Alcance<\/strong><\/p>\n\n\n\n<p>Durante el 2023, nuestras diversas redes organizaron eventos que abarcaron desde iniciativas dirigidas a personas no cristianas hasta actividades enfocadas en el desarrollo personal y espiritual. Este a\u00f1o fue testigo de una rica variedad de compromisos, cada uno dise\u00f1ado para impactar de manera significativa. En estos eventos, experimentamos la gu\u00eda y bendici\u00f3n del Se\u00f1or, fusionando el alcance evangel\u00edstico con oportunidades de crecimiento interno.<\/p>\n\n\n\n<p>Los eventos del 2023 no solo representaron momentos cruciales para compartir el mensaje cristiano y nutrir nuestras almas, sino que tambi\u00e9n fortalecieron los lazos dentro de nuestra comunidad. En un a\u00f1o lleno de actividad, cada encuentro se convirti\u00f3 en una experiencia sagrada, marcada por la gracia de Dios que nos condujo y bendijo en cada paso. Miramos hacia atr\u00e1s con gratitud, reconociendo que estos eventos no solo fueron acontecimientos, sino hitos que moldearon nuestras vidas y la comunidad que llamamos hogar.<\/p>\n\n\n\n<div class=\"wp-block-group ona-container is-layout-flow wp-block-group-is-layout-flow\" style=\"padding-top:100px;padding-bottom:20px\">\n<figure class=\"wp-block-gallery has-nested-images columns-5 is-cropped wp-block-gallery-1 is-layout-flex wp-block-gallery-is-layout-flex\">\n<figure class=\"wp-block-image size-large\"><a href=\"https:\/\/anuario2023.torrefuerte.bo\/index.php\/torre-chicos\/\"><img fetchpriority=\"high\" decoding=\"async\" width=\"376\" height=\"376\" data-id=\"521\" src=\"http:\/\/anuario2023.torrefuerte.bo\/wp-content\/uploads\/2023\/12\/02TorreChicos.jpg\" alt=\"\" class=\"wp-image-521\" srcset=\"https:\/\/anuario2023.torrefuerte.bo\/wp-content\/uploads\/2023\/12\/02TorreChicos.jpg 376w, https:\/\/anuario2023.torrefuerte.bo\/wp-content\/uploads\/2023\/12\/02TorreChicos-300x300.jpg 300w, https:\/\/anuario2023.torrefuerte.bo\/wp-content\/uploads\/2023\/12\/02TorreChicos-150x150.jpg 150w\" sizes=\"(max-width: 376px) 100vw, 376px\" \/><\/a><\/figure>\n\n\n\n<figure class=\"wp-block-image size-large\"><a href=\"https:\/\/anuario2023.torrefuerte.bo\/index.php\/holy-youth\/\"><img decoding=\"async\" width=\"376\" height=\"376\" data-id=\"520\" src=\"http:\/\/anuario2023.torrefuerte.bo\/wp-content\/uploads\/2023\/12\/01AHolyYouth.jpg\" alt=\"\" class=\"wp-image-520\" srcset=\"https:\/\/anuario2023.torrefuerte.bo\/wp-content\/uploads\/2023\/12\/01AHolyYouth.jpg 376w, https:\/\/anuario2023.torrefuerte.bo\/wp-content\/uploads\/2023\/12\/01AHolyYouth-300x300.jpg 300w, https:\/\/anuario2023.torrefuerte.bo\/wp-content\/uploads\/2023\/12\/01AHolyYouth-150x150.jpg 150w\" sizes=\"(max-width: 376px) 100vw, 376px\" \/><\/a><\/figure>\n\n\n\n<figure class=\"wp-block-image size-large\"><a href=\"https:\/\/anuario2023.torrefuerte.bo\/index.php\/holy-u\/\"><img decoding=\"async\" width=\"376\" height=\"376\" data-id=\"522\" src=\"http:\/\/anuario2023.torrefuerte.bo\/wp-content\/uploads\/2023\/12\/01BHolyU.jpg\" alt=\"\" class=\"wp-image-522\" srcset=\"https:\/\/anuario2023.torrefuerte.bo\/wp-content\/uploads\/2023\/12\/01BHolyU.jpg 376w, https:\/\/anuario2023.torrefuerte.bo\/wp-content\/uploads\/2023\/12\/01BHolyU-300x300.jpg 300w, https:\/\/anuario2023.torrefuerte.bo\/wp-content\/uploads\/2023\/12\/01BHolyU-150x150.jpg 150w\" sizes=\"(max-width: 376px) 100vw, 376px\" \/><\/a><\/figure>\n\n\n\n<figure class=\"wp-block-image size-large\"><a href=\"https:\/\/anuario2023.torrefuerte.bo\/index.php\/holy-workers\/\"><img loading=\"lazy\" decoding=\"async\" width=\"376\" height=\"376\" data-id=\"523\" src=\"http:\/\/anuario2023.torrefuerte.bo\/wp-content\/uploads\/2023\/12\/01CHolyW.jpg\" alt=\"\" class=\"wp-image-523\" srcset=\"https:\/\/anuario2023.torrefuerte.bo\/wp-content\/uploads\/2023\/12\/01CHolyW.jpg 376w, https:\/\/anuario2023.torrefuerte.bo\/wp-content\/uploads\/2023\/12\/01CHolyW-300x300.jpg 300w, https:\/\/anuario2023.torrefuerte.bo\/wp-content\/uploads\/2023\/12\/01CHolyW-150x150.jpg 150w\" sizes=\"(max-width: 376px) 100vw, 376px\" \/><\/a><\/figure>\n\n\n\n<figure class=\"wp-block-image size-large\"><a href=\"https:\/\/anuario2023.torrefuerte.bo\/index.php\/red-de-matrimonios\/\"><img loading=\"lazy\" decoding=\"async\" width=\"376\" height=\"376\" data-id=\"524\" src=\"http:\/\/anuario2023.torrefuerte.bo\/wp-content\/uploads\/2023\/12\/03Matrimonios.jpg\" alt=\"\" class=\"wp-image-524\" srcset=\"https:\/\/anuario2023.torrefuerte.bo\/wp-content\/uploads\/2023\/12\/03Matrimonios.jpg 376w, https:\/\/anuario2023.torrefuerte.bo\/wp-content\/uploads\/2023\/12\/03Matrimonios-300x300.jpg 300w, https:\/\/anuario2023.torrefuerte.bo\/wp-content\/uploads\/2023\/12\/03Matrimonios-150x150.jpg 150w\" sizes=\"(max-width: 376px) 100vw, 376px\" \/><\/a><\/figure>\n\n\n\n<figure class=\"wp-block-image size-large\"><a href=\"https:\/\/anuario2023.torrefuerte.bo\/index.php\/congre\/\"><img loading=\"lazy\" decoding=\"async\" width=\"376\" height=\"376\" data-id=\"838\" src=\"http:\/\/anuario2023.torrefuerte.bo\/wp-content\/uploads\/2023\/12\/Eventos_Congre.jpg\" alt=\"\" class=\"wp-image-838\" srcset=\"https:\/\/anuario2023.torrefuerte.bo\/wp-content\/uploads\/2023\/12\/Eventos_Congre.jpg 376w, https:\/\/anuario2023.torrefuerte.bo\/wp-content\/uploads\/2023\/12\/Eventos_Congre-300x300.jpg 300w, https:\/\/anuario2023.torrefuerte.bo\/wp-content\/uploads\/2023\/12\/Eventos_Congre-150x150.jpg 150w\" sizes=\"(max-width: 376px) 100vw, 376px\" \/><\/a><\/figure>\n<\/figure>\n<\/div>\n\n\n\n<div class=\"wp-block-buttons is-layout-flex wp-block-buttons-is-layout-flex\">\n<div class=\"wp-block-button\"><a class=\"wp-block-button__link wp-element-button\" href=\"https:\/\/anuario2023.torrefuerte.bo#SeccionEventos\">Volver<\/a><\/div>\n<\/div>\n","protected":false},"excerpt":{"rendered":"<p>Un A\u00f1o de Crecimiento y Alcance Durante el 2023, nuestras diversas redes organizaron eventos que abarcaron desde iniciativas dirigidas a personas no cristianas hasta actividades enfocadas en el desarrollo personal y espiritual. Este a\u00f1o fue testigo de una rica variedad de compromisos, cada uno dise\u00f1ado para impactar de manera significativa. En estos eventos, experimentamos la [&hellip;]<\/p>\n","protected":false},"author":2,"featured_media":0,"parent":0,"menu_order":0,"comment_status":"closed","ping_status":"closed","template":"","meta":{"om_disable_all_campaigns":false,"_monsterinsights_skip_tracking":false,"_monsterinsights_sitenote_active":false,"_monsterinsights_sitenote_note":"","_monsterinsights_sitenote_category":0,"_uf_show_specific_survey":0,"_uf_disable_surveys":false,"footnotes":""},"class_list":["post-516","page","type-page","status-publish","hentry"],"aioseo_notices":[],"_links":{"self":[{"href":"https:\/\/anuario2023.torrefuerte.bo\/index.php\/wp-json\/wp\/v2\/pages\/516","targetHints":{"allow":["GET"]}}],"collection":[{"href":"https:\/\/anuario2023.torrefuerte.bo\/index.php\/wp-json\/wp\/v2\/pages"}],"about":[{"href":"https:\/\/anuario2023.torrefuerte.bo\/index.php\/wp-json\/wp\/v2\/types\/page"}],"author":[{"embeddable":true,"href":"https:\/\/anuario2023.torrefuerte.bo\/index.php\/wp-json\/wp\/v2\/users\/2"}],"replies":[{"embeddable":true,"href":"https:\/\/anuario2023.torrefuerte.bo\/index.php\/wp-json\/wp\/v2\/comments?post=516"}],"version-history":[{"count":13,"href":"https:\/\/anuario2023.torrefuerte.bo\/index.php\/wp-json\/wp\/v2\/pages\/516\/revisions"}],"predecessor-version":[{"id":984,"href":"https:\/\/anuario2023.torrefuerte.bo\/index.php\/wp-json\/wp\/v2\/pages\/516\/revisions\/984"}],"wp:attachment":[{"href":"https:\/\/anuario2023.torrefuerte.bo\/index.php\/wp-json\/wp\/v2\/media?parent=516"}],"curies":[{"name":"wp","href":"https:\/\/api.w.org\/{rel}","templated":true}]}}