{"id":369,"date":"2023-11-30T15:40:44","date_gmt":"2023-11-30T15:40:44","guid":{"rendered":"https:\/\/anuario2023.torrefuerte.bo\/?page_id=369"},"modified":"2023-12-08T15:43:28","modified_gmt":"2023-12-08T15:43:28","slug":"lanzamiento","status":"publish","type":"page","link":"https:\/\/anuario2023.torrefuerte.bo\/index.php\/modelo-de-jesus\/lanzamiento\/","title":{"rendered":"Lanzamiento"},"content":{"rendered":"\n<p>Despu\u00e9s de completar el enriquecedor proceso de discipulado a lo largo de los cuatro m\u00f3dulos de la Academia de Obreros, las personas fueron invitadas a participar en un impactante LANZAMIENTO. En este evento trascendental, experimentaron un empoderamiento marcado por el poder y la autoridad, prepar\u00e1ndolos para convertirse en disc\u00edpulos comprometidos, dispuestos a cumplir la Gran Comisi\u00f3n.<\/p>\n\n\n\n<p>Siguiendo la ense\u00f1anza de Mateo 28:19, <em><strong>&#8220;&#8230;id, y haced disc\u00edpulos a todas las naciones, bautiz\u00e1ndolos en el nombre del Padre, y del Hijo, y del Esp\u00edritu Santo&#8230;&#8221;<\/strong><\/em>, este momento no solo marc\u00f3 el final de una etapa, sino tambi\u00e9n el comienzo de una nueva misi\u00f3n.<\/p>\n\n\n\n<p>El <strong>LANZAMIENTO <\/strong>fue un per\u00edodo de abundantes bendiciones, donde presenciamos a individuos listos para responder obedientes al llamado divino. Este evento no solo consolid\u00f3 su preparaci\u00f3n, sino que tambi\u00e9n encendi\u00f3 la llama de un compromiso renovado para llevar la luz del evangelio a todas las naciones.<\/p>\n\n\n<div  id=\"jtg-371\" class=\"modula modula-gallery modula-creative-gallery\" data-config=\"{&quot;height&quot;:800,&quot;tabletHeight&quot;:800,&quot;mobileHeight&quot;:800,&quot;desktopHeight&quot;:800,&quot;enableTwitter&quot;:false,&quot;enableWhatsapp&quot;:false,&quot;enableFacebook&quot;:false,&quot;enablePinterest&quot;:false,&quot;enableLinkedin&quot;:false,&quot;enableEmail&quot;:false,&quot;randomFactor&quot;:0.5,&quot;type&quot;:&quot;creative-gallery&quot;,&quot;columns&quot;:12,&quot;gutter&quot;:10,&quot;mobileGutter&quot;:10,&quot;tabletGutter&quot;:10,&quot;desktopGutter&quot;:10,&quot;enableResponsive&quot;:&quot;0&quot;,&quot;tabletColumns&quot;:&quot;2&quot;,&quot;mobileColumns&quot;:&quot;1&quot;,&quot;lazyLoad&quot;:0,&quot;lightboxOpts&quot;:{&quot;animated&quot;:true,&quot;Thumbs&quot;:{&quot;type&quot;:&quot;modern&quot;,&quot;showOnStart&quot;:false},&quot;Toolbar&quot;:{&quot;display&quot;:{&quot;right&quot;:[&quot;close&quot;]},&quot;enabled&quot;:true},&quot;Carousel&quot;:{&quot;Panzoom&quot;:{&quot;touch&quot;:true},&quot;infinite&quot;:false},&quot;keyboard&quot;:{&quot;Escape&quot;:&quot;close&quot;,&quot;Delete&quot;:&quot;close&quot;,&quot;Backspace&quot;:&quot;close&quot;,&quot;PageUp&quot;:false,&quot;PageDown&quot;:false,&quot;ArrowUp&quot;:false,&quot;ArrowDown&quot;:false,&quot;ArrowRight&quot;:false,&quot;ArrowLeft&quot;:false},&quot;touch&quot;:false,&quot;backdropClick&quot;:false,&quot;l10n&quot;:{&quot;CLOSE&quot;:&quot;Close&quot;,&quot;NEXT&quot;:&quot;Next&quot;,&quot;PREV&quot;:&quot;Previous&quot;,&quot;Error&quot;:&quot;The requested content cannot be loaded. Please try again later.&quot;,&quot;PLAY_START&quot;:&quot;Start slideshow&quot;,&quot;PLAY_STOP&quot;:&quot;Pause slideshow&quot;,&quot;FULL_SCREEN&quot;:&quot;Full screen&quot;,&quot;THUMBS&quot;:&quot;Thumbnails&quot;,&quot;DOWNLOAD&quot;:&quot;Download&quot;,&quot;SHARE&quot;:&quot;Share&quot;,&quot;ZOOM&quot;:&quot;Zoom&quot;,&quot;EMAIL&quot;:&quot;Here is the link to the image : %%image_link%% and this is the link to the gallery : %%gallery_link%%&quot;,&quot;MODAL&quot;:&quot;You can close this modal content with the ESC key&quot;,&quot;ERROR&quot;:&quot;Something Went Wrong, Please Try Again Later&quot;,&quot;IMAGE_ERROR&quot;:&quot;Image Not Found&quot;,&quot;ELEMENT_NOT_FOUND&quot;:&quot;HTML Element Not Found&quot;,&quot;AJAX_NOT_FOUND&quot;:&quot;Error Loading AJAX : Not Found&quot;,&quot;AJAX_FORBIDDEN&quot;:&quot;Error Loading AJAX : Forbidden&quot;,&quot;IFRAME_ERROR&quot;:&quot;Error Loading Page&quot;,&quot;TOGGLE_ZOOM&quot;:&quot;Toggle zoom level&quot;,&quot;TOGGLE_THUMBS&quot;:&quot;Toggle thumbnails&quot;,&quot;TOGGLE_SLIDESHOW&quot;:&quot;Toggle slideshow&quot;,&quot;TOGGLE_FULLSCREEN&quot;:&quot;Toggle full-screen mode&quot;},&quot;Images&quot;:{&quot;Panzoom&quot;:{&quot;maxScale&quot;:2}},&quot;mainClass&quot;:&quot;modula-fancybox-container modula-lightbox-jtg-371&quot;,&quot;Html&quot;:{&quot;videoAutoplay&quot;:0,&quot;videoTpl&quot;:&quot;&lt;video class=\\&quot;fancybox__html5video\\&quot; controls muted playsinline controlsList controlsList=\\&quot;nodownload\\&quot; poster=\\&quot;{{poster}}\\&quot; src=\\&quot;{{src}}\\&quot; type=\\&quot;{{format}}\\&quot; &gt;  Sorry, your browser doesn&#039;t support embedded videos, &lt;a href=\\&quot;{{src}}\\&quot;&gt; download &lt;\\\/a&gt; and watch with your favorite video player! &lt;\\\/video&gt;&quot;}},&quot;inView&quot;:false,&quot;email_subject&quot;:&quot;Check out this awesome image !!&quot;,&quot;email_message&quot;:&quot;Here is the link to the image : %%image_link%% and this is the link to the gallery : %%gallery_link%%&quot;,&quot;lightbox&quot;:&quot;fancybox&quot;}\">\n\n\t\n\t<div  class=\"modula-items\">\n\t\t<div class=\"modula-item effect-pufrobo\" >\n\t<div class=\"modula-item-overlay\"><\/div>\n\n\t<div class=\"modula-item-content\">\n\n\t\t<a data-image-id=\"372\" role=\"button\" data-elementor-open-lightbox=\"no\" tabindex=\"0\" rel=\"jtg-371\" data-caption=\"\" aria-label=\"Open image in lightbox\" class=\"tile-inner modula-item-link\"><\/a><img decoding=\"async\" class=\"pic wp-image-372\"  data-valign=\"middle\" data-halign=\"center\" alt=\"\" data-full=\"https:\/\/anuario2023.torrefuerte.bo\/wp-content\/uploads\/2023\/11\/IMG_5740.jpg\" title=\"IMG_5740\" crop=\"\" width=\"300\" height=\"121\" src=\"https:\/\/anuario2023.torrefuerte.bo\/wp-content\/uploads\/2023\/11\/IMG_5740-300x121.jpg\" data-src=\"https:\/\/anuario2023.torrefuerte.bo\/wp-content\/uploads\/2023\/11\/IMG_5740-300x121.jpg\" data-caption=\"\" srcset=\"https:\/\/anuario2023.torrefuerte.bo\/wp-content\/uploads\/2023\/11\/IMG_5740.jpg 1920w, https:\/\/anuario2023.torrefuerte.bo\/wp-content\/uploads\/2023\/11\/IMG_5740-300x121.jpg 300w, https:\/\/anuario2023.torrefuerte.bo\/wp-content\/uploads\/2023\/11\/IMG_5740-1024x413.jpg 1024w, https:\/\/anuario2023.torrefuerte.bo\/wp-content\/uploads\/2023\/11\/IMG_5740-768x310.jpg 768w, https:\/\/anuario2023.torrefuerte.bo\/wp-content\/uploads\/2023\/11\/IMG_5740-1536x619.jpg 1536w, https:\/\/anuario2023.torrefuerte.bo\/wp-content\/uploads\/2023\/11\/IMG_5740-1170x472.jpg 1170w\" sizes=\"(max-width: 300px) 100vw, 300px\" \/>\n\t\t<div class=\"figc no-description\">\n\t\t\t<div class=\"figc-inner\">\n\t\t\t\t\t\t\t\t\t\t\t\t\t\t\t<\/div>\n\t\t<\/div>\n\n\t<\/div>\n\n<\/div><div class=\"modula-item effect-pufrobo\" >\n\t<div class=\"modula-item-overlay\"><\/div>\n\n\t<div class=\"modula-item-content\">\n\n\t\t<a data-image-id=\"373\" role=\"button\" data-elementor-open-lightbox=\"no\" tabindex=\"0\" rel=\"jtg-371\" data-caption=\"\" aria-label=\"Open image in lightbox\" class=\"tile-inner modula-item-link\"><\/a><img fetchpriority=\"high\" decoding=\"async\" class=\"pic wp-image-373\"  data-valign=\"middle\" data-halign=\"center\" alt=\"\" data-full=\"https:\/\/anuario2023.torrefuerte.bo\/wp-content\/uploads\/2023\/11\/IMG_5746.jpg\" title=\"IMG_5746\" crop=\"\" width=\"300\" height=\"188\" src=\"https:\/\/anuario2023.torrefuerte.bo\/wp-content\/uploads\/2023\/11\/IMG_5746-300x188.jpg\" data-src=\"https:\/\/anuario2023.torrefuerte.bo\/wp-content\/uploads\/2023\/11\/IMG_5746-300x188.jpg\" data-caption=\"\" srcset=\"https:\/\/anuario2023.torrefuerte.bo\/wp-content\/uploads\/2023\/11\/IMG_5746.jpg 1920w, https:\/\/anuario2023.torrefuerte.bo\/wp-content\/uploads\/2023\/11\/IMG_5746-300x188.jpg 300w, https:\/\/anuario2023.torrefuerte.bo\/wp-content\/uploads\/2023\/11\/IMG_5746-1024x643.jpg 1024w, https:\/\/anuario2023.torrefuerte.bo\/wp-content\/uploads\/2023\/11\/IMG_5746-768x482.jpg 768w, https:\/\/anuario2023.torrefuerte.bo\/wp-content\/uploads\/2023\/11\/IMG_5746-1536x965.jpg 1536w, https:\/\/anuario2023.torrefuerte.bo\/wp-content\/uploads\/2023\/11\/IMG_5746-1170x735.jpg 1170w\" sizes=\"(max-width: 300px) 100vw, 300px\" \/>\n\t\t<div class=\"figc no-description\">\n\t\t\t<div class=\"figc-inner\">\n\t\t\t\t\t\t\t\t\t\t\t\t\t\t\t<\/div>\n\t\t<\/div>\n\n\t<\/div>\n\n<\/div><div class=\"modula-item effect-pufrobo\" >\n\t<div class=\"modula-item-overlay\"><\/div>\n\n\t<div class=\"modula-item-content\">\n\n\t\t<a data-image-id=\"374\" role=\"button\" data-elementor-open-lightbox=\"no\" tabindex=\"0\" rel=\"jtg-371\" data-caption=\"\" aria-label=\"Open image in lightbox\" class=\"tile-inner modula-item-link\"><\/a><img decoding=\"async\" class=\"pic wp-image-374\"  data-valign=\"middle\" data-halign=\"center\" alt=\"\" data-full=\"https:\/\/anuario2023.torrefuerte.bo\/wp-content\/uploads\/2023\/11\/IMG_5749.jpg\" title=\"IMG_5749\" crop=\"\" width=\"300\" height=\"157\" src=\"https:\/\/anuario2023.torrefuerte.bo\/wp-content\/uploads\/2023\/11\/IMG_5749-300x157.jpg\" data-src=\"https:\/\/anuario2023.torrefuerte.bo\/wp-content\/uploads\/2023\/11\/IMG_5749-300x157.jpg\" data-caption=\"\" srcset=\"https:\/\/anuario2023.torrefuerte.bo\/wp-content\/uploads\/2023\/11\/IMG_5749.jpg 1920w, https:\/\/anuario2023.torrefuerte.bo\/wp-content\/uploads\/2023\/11\/IMG_5749-300x157.jpg 300w, https:\/\/anuario2023.torrefuerte.bo\/wp-content\/uploads\/2023\/11\/IMG_5749-1024x535.jpg 1024w, https:\/\/anuario2023.torrefuerte.bo\/wp-content\/uploads\/2023\/11\/IMG_5749-768x401.jpg 768w, https:\/\/anuario2023.torrefuerte.bo\/wp-content\/uploads\/2023\/11\/IMG_5749-1536x802.jpg 1536w, https:\/\/anuario2023.torrefuerte.bo\/wp-content\/uploads\/2023\/11\/IMG_5749-1170x611.jpg 1170w\" sizes=\"(max-width: 300px) 100vw, 300px\" \/>\n\t\t<div class=\"figc no-description\">\n\t\t\t<div class=\"figc-inner\">\n\t\t\t\t\t\t\t\t\t\t\t\t\t\t\t<\/div>\n\t\t<\/div>\n\n\t<\/div>\n\n<\/div><div class=\"modula-item effect-pufrobo\" >\n\t<div class=\"modula-item-overlay\"><\/div>\n\n\t<div class=\"modula-item-content\">\n\n\t\t<a data-image-id=\"375\" role=\"button\" data-elementor-open-lightbox=\"no\" tabindex=\"0\" rel=\"jtg-371\" data-caption=\"\" aria-label=\"Open image in lightbox\" class=\"tile-inner modula-item-link\"><\/a><img loading=\"lazy\" decoding=\"async\" class=\"pic wp-image-375\"  data-valign=\"middle\" data-halign=\"center\" alt=\"\" data-full=\"https:\/\/anuario2023.torrefuerte.bo\/wp-content\/uploads\/2023\/11\/IMG_5759.jpg\" title=\"IMG_5759\" crop=\"\" width=\"272\" height=\"300\" src=\"https:\/\/anuario2023.torrefuerte.bo\/wp-content\/uploads\/2023\/11\/IMG_5759-272x300.jpg\" data-src=\"https:\/\/anuario2023.torrefuerte.bo\/wp-content\/uploads\/2023\/11\/IMG_5759-272x300.jpg\" data-caption=\"\" srcset=\"https:\/\/anuario2023.torrefuerte.bo\/wp-content\/uploads\/2023\/11\/IMG_5759.jpg 1920w, https:\/\/anuario2023.torrefuerte.bo\/wp-content\/uploads\/2023\/11\/IMG_5759-272x300.jpg 272w, https:\/\/anuario2023.torrefuerte.bo\/wp-content\/uploads\/2023\/11\/IMG_5759-927x1024.jpg 927w, https:\/\/anuario2023.torrefuerte.bo\/wp-content\/uploads\/2023\/11\/IMG_5759-768x848.jpg 768w, https:\/\/anuario2023.torrefuerte.bo\/wp-content\/uploads\/2023\/11\/IMG_5759-1391x1536.jpg 1391w, https:\/\/anuario2023.torrefuerte.bo\/wp-content\/uploads\/2023\/11\/IMG_5759-1855x2048.jpg 1855w, https:\/\/anuario2023.torrefuerte.bo\/wp-content\/uploads\/2023\/11\/IMG_5759-1170x1292.jpg 1170w\" sizes=\"(max-width: 272px) 100vw, 272px\" \/>\n\t\t<div class=\"figc no-description\">\n\t\t\t<div class=\"figc-inner\">\n\t\t\t\t\t\t\t\t\t\t\t\t\t\t\t<\/div>\n\t\t<\/div>\n\n\t<\/div>\n\n<\/div><div class=\"modula-item effect-pufrobo\" >\n\t<div class=\"modula-item-overlay\"><\/div>\n\n\t<div class=\"modula-item-content\">\n\n\t\t<a data-image-id=\"376\" role=\"button\" data-elementor-open-lightbox=\"no\" tabindex=\"0\" rel=\"jtg-371\" data-caption=\"\" aria-label=\"Open image in lightbox\" class=\"tile-inner modula-item-link\"><\/a><img loading=\"lazy\" decoding=\"async\" class=\"pic wp-image-376\"  data-valign=\"middle\" data-halign=\"center\" alt=\"\" data-full=\"https:\/\/anuario2023.torrefuerte.bo\/wp-content\/uploads\/2023\/11\/IMG_5760.jpg\" title=\"IMG_5760\" crop=\"\" width=\"292\" height=\"300\" src=\"https:\/\/anuario2023.torrefuerte.bo\/wp-content\/uploads\/2023\/11\/IMG_5760-292x300.jpg\" data-src=\"https:\/\/anuario2023.torrefuerte.bo\/wp-content\/uploads\/2023\/11\/IMG_5760-292x300.jpg\" data-caption=\"\" srcset=\"https:\/\/anuario2023.torrefuerte.bo\/wp-content\/uploads\/2023\/11\/IMG_5760.jpg 1920w, https:\/\/anuario2023.torrefuerte.bo\/wp-content\/uploads\/2023\/11\/IMG_5760-292x300.jpg 292w, https:\/\/anuario2023.torrefuerte.bo\/wp-content\/uploads\/2023\/11\/IMG_5760-996x1024.jpg 996w, https:\/\/anuario2023.torrefuerte.bo\/wp-content\/uploads\/2023\/11\/IMG_5760-768x789.jpg 768w, https:\/\/anuario2023.torrefuerte.bo\/wp-content\/uploads\/2023\/11\/IMG_5760-1495x1536.jpg 1495w, https:\/\/anuario2023.torrefuerte.bo\/wp-content\/uploads\/2023\/11\/IMG_5760-1170x1202.jpg 1170w\" sizes=\"(max-width: 292px) 100vw, 292px\" \/>\n\t\t<div class=\"figc no-description\">\n\t\t\t<div class=\"figc-inner\">\n\t\t\t\t\t\t\t\t\t\t\t\t\t\t\t<\/div>\n\t\t<\/div>\n\n\t<\/div>\n\n<\/div><div class=\"modula-item effect-pufrobo\" >\n\t<div class=\"modula-item-overlay\"><\/div>\n\n\t<div class=\"modula-item-content\">\n\n\t\t<a data-image-id=\"377\" role=\"button\" data-elementor-open-lightbox=\"no\" tabindex=\"0\" rel=\"jtg-371\" data-caption=\"\" aria-label=\"Open image in lightbox\" class=\"tile-inner modula-item-link\"><\/a><img loading=\"lazy\" decoding=\"async\" class=\"pic wp-image-377\"  data-valign=\"middle\" data-halign=\"center\" alt=\"\" data-full=\"https:\/\/anuario2023.torrefuerte.bo\/wp-content\/uploads\/2023\/11\/IMG_5764.jpg\" title=\"IMG_5764\" crop=\"\" width=\"300\" height=\"187\" src=\"https:\/\/anuario2023.torrefuerte.bo\/wp-content\/uploads\/2023\/11\/IMG_5764-300x187.jpg\" data-src=\"https:\/\/anuario2023.torrefuerte.bo\/wp-content\/uploads\/2023\/11\/IMG_5764-300x187.jpg\" data-caption=\"\" srcset=\"https:\/\/anuario2023.torrefuerte.bo\/wp-content\/uploads\/2023\/11\/IMG_5764.jpg 1920w, https:\/\/anuario2023.torrefuerte.bo\/wp-content\/uploads\/2023\/11\/IMG_5764-300x187.jpg 300w, https:\/\/anuario2023.torrefuerte.bo\/wp-content\/uploads\/2023\/11\/IMG_5764-1024x638.jpg 1024w, https:\/\/anuario2023.torrefuerte.bo\/wp-content\/uploads\/2023\/11\/IMG_5764-768x479.jpg 768w, https:\/\/anuario2023.torrefuerte.bo\/wp-content\/uploads\/2023\/11\/IMG_5764-1536x958.jpg 1536w, https:\/\/anuario2023.torrefuerte.bo\/wp-content\/uploads\/2023\/11\/IMG_5764-1170x729.jpg 1170w\" sizes=\"(max-width: 300px) 100vw, 300px\" \/>\n\t\t<div class=\"figc no-description\">\n\t\t\t<div class=\"figc-inner\">\n\t\t\t\t\t\t\t\t\t\t\t\t\t\t\t<\/div>\n\t\t<\/div>\n\n\t<\/div>\n\n<\/div><div class=\"modula-item effect-pufrobo\" >\n\t<div class=\"modula-item-overlay\"><\/div>\n\n\t<div class=\"modula-item-content\">\n\n\t\t<a data-image-id=\"378\" role=\"button\" data-elementor-open-lightbox=\"no\" tabindex=\"0\" rel=\"jtg-371\" data-caption=\"\" aria-label=\"Open image in lightbox\" class=\"tile-inner modula-item-link\"><\/a><img loading=\"lazy\" decoding=\"async\" class=\"pic wp-image-378\"  data-valign=\"middle\" data-halign=\"center\" alt=\"\" data-full=\"https:\/\/anuario2023.torrefuerte.bo\/wp-content\/uploads\/2023\/11\/IMG_5769.jpg\" title=\"IMG_5769\" crop=\"\" width=\"300\" height=\"200\" src=\"https:\/\/anuario2023.torrefuerte.bo\/wp-content\/uploads\/2023\/11\/IMG_5769-300x200.jpg\" data-src=\"https:\/\/anuario2023.torrefuerte.bo\/wp-content\/uploads\/2023\/11\/IMG_5769-300x200.jpg\" data-caption=\"\" srcset=\"https:\/\/anuario2023.torrefuerte.bo\/wp-content\/uploads\/2023\/11\/IMG_5769.jpg 1920w, https:\/\/anuario2023.torrefuerte.bo\/wp-content\/uploads\/2023\/11\/IMG_5769-300x200.jpg 300w, https:\/\/anuario2023.torrefuerte.bo\/wp-content\/uploads\/2023\/11\/IMG_5769-1024x683.jpg 1024w, https:\/\/anuario2023.torrefuerte.bo\/wp-content\/uploads\/2023\/11\/IMG_5769-768x512.jpg 768w, https:\/\/anuario2023.torrefuerte.bo\/wp-content\/uploads\/2023\/11\/IMG_5769-1536x1024.jpg 1536w, https:\/\/anuario2023.torrefuerte.bo\/wp-content\/uploads\/2023\/11\/IMG_5769-1170x780.jpg 1170w\" sizes=\"(max-width: 300px) 100vw, 300px\" \/>\n\t\t<div class=\"figc no-description\">\n\t\t\t<div class=\"figc-inner\">\n\t\t\t\t\t\t\t\t\t\t\t\t\t\t\t<\/div>\n\t\t<\/div>\n\n\t<\/div>\n\n<\/div><div class=\"modula-item effect-pufrobo\" >\n\t<div class=\"modula-item-overlay\"><\/div>\n\n\t<div class=\"modula-item-content\">\n\n\t\t<a data-image-id=\"379\" role=\"button\" data-elementor-open-lightbox=\"no\" tabindex=\"0\" rel=\"jtg-371\" data-caption=\"\" aria-label=\"Open image in lightbox\" class=\"tile-inner modula-item-link\"><\/a><img loading=\"lazy\" decoding=\"async\" class=\"pic wp-image-379\"  data-valign=\"middle\" data-halign=\"center\" alt=\"\" data-full=\"https:\/\/anuario2023.torrefuerte.bo\/wp-content\/uploads\/2023\/11\/IMG_5778.jpg\" title=\"IMG_5778\" crop=\"\" width=\"300\" height=\"174\" src=\"https:\/\/anuario2023.torrefuerte.bo\/wp-content\/uploads\/2023\/11\/IMG_5778-300x174.jpg\" data-src=\"https:\/\/anuario2023.torrefuerte.bo\/wp-content\/uploads\/2023\/11\/IMG_5778-300x174.jpg\" data-caption=\"\" srcset=\"https:\/\/anuario2023.torrefuerte.bo\/wp-content\/uploads\/2023\/11\/IMG_5778.jpg 1920w, https:\/\/anuario2023.torrefuerte.bo\/wp-content\/uploads\/2023\/11\/IMG_5778-300x174.jpg 300w, https:\/\/anuario2023.torrefuerte.bo\/wp-content\/uploads\/2023\/11\/IMG_5778-1024x593.jpg 1024w, https:\/\/anuario2023.torrefuerte.bo\/wp-content\/uploads\/2023\/11\/IMG_5778-768x445.jpg 768w, https:\/\/anuario2023.torrefuerte.bo\/wp-content\/uploads\/2023\/11\/IMG_5778-1536x890.jpg 1536w, https:\/\/anuario2023.torrefuerte.bo\/wp-content\/uploads\/2023\/11\/IMG_5778-1170x678.jpg 1170w\" sizes=\"(max-width: 300px) 100vw, 300px\" \/>\n\t\t<div class=\"figc no-description\">\n\t\t\t<div class=\"figc-inner\">\n\t\t\t\t\t\t\t\t\t\t\t\t\t\t\t<\/div>\n\t\t<\/div>\n\n\t<\/div>\n\n<\/div><div class=\"modula-item effect-pufrobo\" >\n\t<div class=\"modula-item-overlay\"><\/div>\n\n\t<div class=\"modula-item-content\">\n\n\t\t<a data-image-id=\"380\" role=\"button\" data-elementor-open-lightbox=\"no\" tabindex=\"0\" rel=\"jtg-371\" data-caption=\"\" aria-label=\"Open image in lightbox\" class=\"tile-inner modula-item-link\"><\/a><img loading=\"lazy\" decoding=\"async\" class=\"pic wp-image-380\"  data-valign=\"middle\" data-halign=\"center\" alt=\"\" data-full=\"https:\/\/anuario2023.torrefuerte.bo\/wp-content\/uploads\/2023\/11\/IMG_5787.jpg\" title=\"IMG_5787\" crop=\"\" width=\"300\" height=\"160\" src=\"https:\/\/anuario2023.torrefuerte.bo\/wp-content\/uploads\/2023\/11\/IMG_5787-300x160.jpg\" data-src=\"https:\/\/anuario2023.torrefuerte.bo\/wp-content\/uploads\/2023\/11\/IMG_5787-300x160.jpg\" data-caption=\"\" srcset=\"https:\/\/anuario2023.torrefuerte.bo\/wp-content\/uploads\/2023\/11\/IMG_5787.jpg 1920w, https:\/\/anuario2023.torrefuerte.bo\/wp-content\/uploads\/2023\/11\/IMG_5787-300x160.jpg 300w, https:\/\/anuario2023.torrefuerte.bo\/wp-content\/uploads\/2023\/11\/IMG_5787-1024x546.jpg 1024w, https:\/\/anuario2023.torrefuerte.bo\/wp-content\/uploads\/2023\/11\/IMG_5787-768x409.jpg 768w, https:\/\/anuario2023.torrefuerte.bo\/wp-content\/uploads\/2023\/11\/IMG_5787-1536x818.jpg 1536w, https:\/\/anuario2023.torrefuerte.bo\/wp-content\/uploads\/2023\/11\/IMG_5787-1170x623.jpg 1170w\" sizes=\"(max-width: 300px) 100vw, 300px\" \/>\n\t\t<div class=\"figc no-description\">\n\t\t\t<div class=\"figc-inner\">\n\t\t\t\t\t\t\t\t\t\t\t\t\t\t\t<\/div>\n\t\t<\/div>\n\n\t<\/div>\n\n<\/div>\t\t\n\t<\/div>\n\n\t\n\t\n\t<script type=\"application\/ld+json\">\n\t{\n\t\t\"@context\": \"http:\/\/schema.org\",\n\t\t\"@type\"   : \"ImageGallery\",\n\t\t\"id\"      : \"https:\/\/anuario2023.torrefuerte.bo\/index.php\/modelo-de-jesus\/lanzamiento\/\",\n\t\t\"url\"     : \"https:\/\/anuario2023.torrefuerte.bo\/index.php\/modelo-de-jesus\/lanzamiento\/\"\n\t}\n\n\t<\/script>\n\n\t\n<\/div>\n\n\n\n<div class=\"wp-block-buttons is-layout-flex wp-block-buttons-is-layout-flex\">\n<div class=\"wp-block-button\"><a class=\"wp-block-button__link wp-element-button\" href=\"https:\/\/anuario2023.torrefuerte.bo\/index.php\/modelo-de-jesus\/\">Volver<\/a><\/div>\n<\/div>\n","protected":false},"excerpt":{"rendered":"<p>Despu\u00e9s de completar el enriquecedor proceso de discipulado a lo largo de los cuatro m\u00f3dulos de la Academia de Obreros, las personas fueron invitadas a participar en un impactante LANZAMIENTO. En este evento trascendental, experimentaron un empoderamiento marcado por el poder y la autoridad, prepar\u00e1ndolos para convertirse en disc\u00edpulos comprometidos, dispuestos a cumplir la Gran [&hellip;]<\/p>\n","protected":false},"author":2,"featured_media":0,"parent":438,"menu_order":3,"comment_status":"closed","ping_status":"closed","template":"","meta":{"om_disable_all_campaigns":false,"_monsterinsights_skip_tracking":false,"_monsterinsights_sitenote_active":false,"_monsterinsights_sitenote_note":"","_monsterinsights_sitenote_category":0,"_uf_show_specific_survey":0,"_uf_disable_surveys":false,"footnotes":""},"class_list":["post-369","page","type-page","status-publish","hentry"],"aioseo_notices":[],"_links":{"self":[{"href":"https:\/\/anuario2023.torrefuerte.bo\/index.php\/wp-json\/wp\/v2\/pages\/369","targetHints":{"allow":["GET"]}}],"collection":[{"href":"https:\/\/anuario2023.torrefuerte.bo\/index.php\/wp-json\/wp\/v2\/pages"}],"about":[{"href":"https:\/\/anuario2023.torrefuerte.bo\/index.php\/wp-json\/wp\/v2\/types\/page"}],"author":[{"embeddable":true,"href":"https:\/\/anuario2023.torrefuerte.bo\/index.php\/wp-json\/wp\/v2\/users\/2"}],"replies":[{"embeddable":true,"href":"https:\/\/anuario2023.torrefuerte.bo\/index.php\/wp-json\/wp\/v2\/comments?post=369"}],"version-history":[{"count":4,"href":"https:\/\/anuario2023.torrefuerte.bo\/index.php\/wp-json\/wp\/v2\/pages\/369\/revisions"}],"predecessor-version":[{"id":559,"href":"https:\/\/anuario2023.torrefuerte.bo\/index.php\/wp-json\/wp\/v2\/pages\/369\/revisions\/559"}],"up":[{"embeddable":true,"href":"https:\/\/anuario2023.torrefuerte.bo\/index.php\/wp-json\/wp\/v2\/pages\/438"}],"wp:attachment":[{"href":"https:\/\/anuario2023.torrefuerte.bo\/index.php\/wp-json\/wp\/v2\/media?parent=369"}],"curies":[{"name":"wp","href":"https:\/\/api.w.org\/{rel}","templated":true}]}}