{"id":137,"date":"2023-11-24T14:16:45","date_gmt":"2023-11-24T14:16:45","guid":{"rendered":"https:\/\/anuario2023.torrefuerte.bo\/?page_id=137"},"modified":"2023-12-14T14:19:26","modified_gmt":"2023-12-14T14:19:26","slug":"campamento-venciendo-gigantes","status":"publish","type":"page","link":"https:\/\/anuario2023.torrefuerte.bo\/index.php\/campamentos\/campamento-venciendo-gigantes\/","title":{"rendered":"Campamento Venciendo Gigantes"},"content":{"rendered":"\n<p>El primer campamento de la Red de Juveniles <strong>Holy Youth<\/strong> tuvo lugar del 14 al 16 de julio, y cont\u00f3 con la participaci\u00f3n entusiasta de m\u00e1s de 100 j\u00f3venes de entre 13 y 20 a\u00f1os. El evento se llev\u00f3 a cabo en la quinta de Torre Fuerte Ekklesia, con el prop\u00f3sito de promover el desarrollo de habilidades, superar miedos e identificar el perfil profesional de cada participante, adem\u00e1s de fomentar una relaci\u00f3n cercana con Dios.<\/p>\n\n\n\n<p>Desde el momento de la bienvenida, se pod\u00eda sentir la emoci\u00f3n entre los j\u00f3venes al anticipar un fin de semana completamente diferente a su rutina diaria. La inauguraci\u00f3n incluy\u00f3 un inspirador mensaje del Pastor Rafael Vargas sobre \u201c<em>La importancia de vencer gigantes, miedos, y dificultades<\/em>\u201d, seguido de una din\u00e1mica de equipo para resolver un misterio. Cada equipo asumi\u00f3 distintos roles, demostrando curiosidad, analizando todas las pistas, generando hip\u00f3tesis y finalmente llegando a una conclusi\u00f3n sobre el caso presentado.<\/p>\n\n\n\n<p>El segundo d\u00eda estuvo lleno de experiencias enriquecedoras, con dos paneles de profesionales que compartieron sus historias y ofrecieron valiosas recomendaciones sobre el desarrollo personal y profesional. Estas conversaciones resultaron sumamente motivadoras. Durante la jornada, los j\u00f3venes tambi\u00e9n enfrentaron retos l\u00f3gicos, descifrando c\u00f3digos y superando pruebas de diferentes tipos. Al final de la tarde, cada equipo tuvo que afrontar un reto electr\u00f3nico y presentar una idea de negocio. La noche se cerr\u00f3 con un hermoso tiempo de alabanza y adoraci\u00f3n, seguido de una emocionante cacer\u00eda de Gigantes, que culmin\u00f3 con una actividad de reflexi\u00f3n en equipos.<\/p>\n\n\n\n<p>El \u00faltimo d\u00eda fue poderoso y comenz\u00f3 con un mensaje sobre la mentalidad de servicio y abundancia, seguido de un tiempo de ministraci\u00f3n. Como actividad final, se llev\u00f3 a cabo el arreglo de la entrada de la quinta bajo el tema &#8220;<em>Dejando una huella<\/em>&#8220;, promoviendo el trabajo en equipo. Para concluir el campamento, se realiz\u00f3 una ceremonia de premiaci\u00f3n al mejor equipo con mayor puntaje, y dentro de cada equipo se reconoci\u00f3 a los campistas que se destacaron en valent\u00eda, compromiso, comunicaci\u00f3n e iniciativa.<\/p>\n\n\n\n<figure class=\"wp-block-image size-large\"><img fetchpriority=\"high\" decoding=\"async\" width=\"1024\" height=\"768\" src=\"http:\/\/anuario2023.torrefuerte.bo\/wp-content\/uploads\/2023\/12\/photo_5021790090673892209_y-1-1024x768.jpg\" alt=\"\" class=\"wp-image-1251\" srcset=\"https:\/\/anuario2023.torrefuerte.bo\/wp-content\/uploads\/2023\/12\/photo_5021790090673892209_y-1-1024x768.jpg 1024w, https:\/\/anuario2023.torrefuerte.bo\/wp-content\/uploads\/2023\/12\/photo_5021790090673892209_y-1-300x225.jpg 300w, https:\/\/anuario2023.torrefuerte.bo\/wp-content\/uploads\/2023\/12\/photo_5021790090673892209_y-1-768x576.jpg 768w, https:\/\/anuario2023.torrefuerte.bo\/wp-content\/uploads\/2023\/12\/photo_5021790090673892209_y-1-1170x878.jpg 1170w, https:\/\/anuario2023.torrefuerte.bo\/wp-content\/uploads\/2023\/12\/photo_5021790090673892209_y-1.jpg 1280w\" sizes=\"(max-width: 1024px) 100vw, 1024px\" \/><\/figure>\n\n\n\n<p>En general, el campamento result\u00f3 una experiencia significativa y transformadora para todos los participantes, quienes se llevaron consigo aprendizajes, amistades y recuerdos invaluables. La Red de Juveniles <strong>Holy Youth<\/strong> espera con entusiasmo organizar futuros eventos que sigan impactando positivamente en la vida de los j\u00f3venes y fortaleciendo su fe y crecimiento personal.<\/p>\n\n\n<div  id=\"jtg-1242\" class=\"modula modula-gallery modula-creative-gallery\" data-config=\"{&quot;height&quot;:800,&quot;tabletHeight&quot;:800,&quot;mobileHeight&quot;:800,&quot;desktopHeight&quot;:800,&quot;enableTwitter&quot;:false,&quot;enableWhatsapp&quot;:false,&quot;enableFacebook&quot;:false,&quot;enablePinterest&quot;:false,&quot;enableLinkedin&quot;:false,&quot;enableEmail&quot;:false,&quot;randomFactor&quot;:0.5,&quot;type&quot;:&quot;creative-gallery&quot;,&quot;columns&quot;:12,&quot;gutter&quot;:6,&quot;mobileGutter&quot;:4,&quot;tabletGutter&quot;:4,&quot;desktopGutter&quot;:6,&quot;enableResponsive&quot;:&quot;0&quot;,&quot;tabletColumns&quot;:&quot;2&quot;,&quot;mobileColumns&quot;:&quot;1&quot;,&quot;lazyLoad&quot;:0,&quot;lightboxOpts&quot;:{&quot;animated&quot;:true,&quot;Thumbs&quot;:{&quot;type&quot;:&quot;modern&quot;,&quot;showOnStart&quot;:false},&quot;Toolbar&quot;:{&quot;display&quot;:{&quot;right&quot;:[&quot;close&quot;]},&quot;enabled&quot;:true},&quot;Carousel&quot;:{&quot;Panzoom&quot;:{&quot;touch&quot;:true},&quot;infinite&quot;:false},&quot;keyboard&quot;:{&quot;Escape&quot;:&quot;close&quot;,&quot;Delete&quot;:&quot;close&quot;,&quot;Backspace&quot;:&quot;close&quot;,&quot;PageUp&quot;:false,&quot;PageDown&quot;:false,&quot;ArrowUp&quot;:false,&quot;ArrowDown&quot;:false,&quot;ArrowRight&quot;:false,&quot;ArrowLeft&quot;:false},&quot;touch&quot;:false,&quot;backdropClick&quot;:false,&quot;l10n&quot;:{&quot;CLOSE&quot;:&quot;Close&quot;,&quot;NEXT&quot;:&quot;Next&quot;,&quot;PREV&quot;:&quot;Previous&quot;,&quot;Error&quot;:&quot;The requested content cannot be loaded. Please try again later.&quot;,&quot;PLAY_START&quot;:&quot;Start slideshow&quot;,&quot;PLAY_STOP&quot;:&quot;Pause slideshow&quot;,&quot;FULL_SCREEN&quot;:&quot;Full screen&quot;,&quot;THUMBS&quot;:&quot;Thumbnails&quot;,&quot;DOWNLOAD&quot;:&quot;Download&quot;,&quot;SHARE&quot;:&quot;Share&quot;,&quot;ZOOM&quot;:&quot;Zoom&quot;,&quot;EMAIL&quot;:&quot;Here is the link to the image : %%image_link%% and this is the link to the gallery : %%gallery_link%%&quot;,&quot;MODAL&quot;:&quot;You can close this modal content with the ESC key&quot;,&quot;ERROR&quot;:&quot;Something Went Wrong, Please Try Again Later&quot;,&quot;IMAGE_ERROR&quot;:&quot;Image Not Found&quot;,&quot;ELEMENT_NOT_FOUND&quot;:&quot;HTML Element Not Found&quot;,&quot;AJAX_NOT_FOUND&quot;:&quot;Error Loading AJAX : Not Found&quot;,&quot;AJAX_FORBIDDEN&quot;:&quot;Error Loading AJAX : Forbidden&quot;,&quot;IFRAME_ERROR&quot;:&quot;Error Loading Page&quot;,&quot;TOGGLE_ZOOM&quot;:&quot;Toggle zoom level&quot;,&quot;TOGGLE_THUMBS&quot;:&quot;Toggle thumbnails&quot;,&quot;TOGGLE_SLIDESHOW&quot;:&quot;Toggle slideshow&quot;,&quot;TOGGLE_FULLSCREEN&quot;:&quot;Toggle full-screen mode&quot;},&quot;Images&quot;:{&quot;Panzoom&quot;:{&quot;maxScale&quot;:2}},&quot;mainClass&quot;:&quot;modula-fancybox-container modula-lightbox-jtg-1242&quot;,&quot;Html&quot;:{&quot;videoAutoplay&quot;:0,&quot;videoTpl&quot;:&quot;&lt;video class=\\&quot;fancybox__html5video\\&quot; controls muted playsinline controlsList controlsList=\\&quot;nodownload\\&quot; poster=\\&quot;{{poster}}\\&quot; src=\\&quot;{{src}}\\&quot; type=\\&quot;{{format}}\\&quot; &gt;  Sorry, your browser doesn&#039;t support embedded videos, &lt;a href=\\&quot;{{src}}\\&quot;&gt; download &lt;\\\/a&gt; and watch with your favorite video player! &lt;\\\/video&gt;&quot;}},&quot;inView&quot;:false,&quot;email_subject&quot;:&quot;Check out this awesome image !!&quot;,&quot;email_message&quot;:&quot;Here is the link to the image : %%image_link%% and this is the link to the gallery : %%gallery_link%%&quot;,&quot;lightbox&quot;:&quot;fancybox&quot;}\">\n\n\t\n\t<div  class=\"modula-items\">\n\t\t<div class=\"modula-item effect-pufrobo\" >\n\t<div class=\"modula-item-overlay\"><\/div>\n\n\t<div class=\"modula-item-content\">\n\n\t\t<a data-image-id=\"1243\" role=\"button\" data-elementor-open-lightbox=\"no\" tabindex=\"0\" rel=\"jtg-1242\" data-caption=\"\" aria-label=\"Open image in lightbox\" class=\"tile-inner modula-item-link\"><\/a><img decoding=\"async\" class=\"pic wp-image-1243\"  data-valign=\"middle\" data-halign=\"center\" alt=\"\" data-full=\"https:\/\/anuario2023.torrefuerte.bo\/wp-content\/uploads\/2023\/12\/photo_5017174078867483464_y.jpg\" title=\"photo_5017174078867483464_y\" crop=\"\" width=\"768\" height=\"1024\" src=\"https:\/\/anuario2023.torrefuerte.bo\/wp-content\/uploads\/2023\/12\/photo_5017174078867483464_y-768x1024.jpg\" data-src=\"https:\/\/anuario2023.torrefuerte.bo\/wp-content\/uploads\/2023\/12\/photo_5017174078867483464_y-768x1024.jpg\" data-caption=\"\" srcset=\"https:\/\/anuario2023.torrefuerte.bo\/wp-content\/uploads\/2023\/12\/photo_5017174078867483464_y.jpg 960w, https:\/\/anuario2023.torrefuerte.bo\/wp-content\/uploads\/2023\/12\/photo_5017174078867483464_y-225x300.jpg 225w, https:\/\/anuario2023.torrefuerte.bo\/wp-content\/uploads\/2023\/12\/photo_5017174078867483464_y-768x1024.jpg 768w\" sizes=\"(max-width: 768px) 100vw, 768px\" \/>\n\t\t<div class=\"figc no-description\">\n\t\t\t<div class=\"figc-inner\">\n\t\t\t\t\t\t\t\t\t\t\t\t\t\t\t<\/div>\n\t\t<\/div>\n\n\t<\/div>\n\n<\/div><div class=\"modula-item effect-pufrobo\" >\n\t<div class=\"modula-item-overlay\"><\/div>\n\n\t<div class=\"modula-item-content\">\n\n\t\t<a data-image-id=\"1244\" role=\"button\" data-elementor-open-lightbox=\"no\" tabindex=\"0\" rel=\"jtg-1242\" data-caption=\"\" aria-label=\"Open image in lightbox\" class=\"tile-inner modula-item-link\"><\/a><img decoding=\"async\" class=\"pic wp-image-1244\"  data-valign=\"middle\" data-halign=\"center\" alt=\"\" data-full=\"https:\/\/anuario2023.torrefuerte.bo\/wp-content\/uploads\/2023\/12\/photo_5021790090673892209_y.jpg\" title=\"photo_5021790090673892209_y\" crop=\"\" width=\"1024\" height=\"768\" src=\"https:\/\/anuario2023.torrefuerte.bo\/wp-content\/uploads\/2023\/12\/photo_5021790090673892209_y-1024x768.jpg\" data-src=\"https:\/\/anuario2023.torrefuerte.bo\/wp-content\/uploads\/2023\/12\/photo_5021790090673892209_y-1024x768.jpg\" data-caption=\"\" srcset=\"https:\/\/anuario2023.torrefuerte.bo\/wp-content\/uploads\/2023\/12\/photo_5021790090673892209_y.jpg 1280w, https:\/\/anuario2023.torrefuerte.bo\/wp-content\/uploads\/2023\/12\/photo_5021790090673892209_y-300x225.jpg 300w, https:\/\/anuario2023.torrefuerte.bo\/wp-content\/uploads\/2023\/12\/photo_5021790090673892209_y-1024x768.jpg 1024w, https:\/\/anuario2023.torrefuerte.bo\/wp-content\/uploads\/2023\/12\/photo_5021790090673892209_y-768x576.jpg 768w, https:\/\/anuario2023.torrefuerte.bo\/wp-content\/uploads\/2023\/12\/photo_5021790090673892209_y-1170x878.jpg 1170w\" sizes=\"(max-width: 1024px) 100vw, 1024px\" \/>\n\t\t<div class=\"figc no-description\">\n\t\t\t<div class=\"figc-inner\">\n\t\t\t\t\t\t\t\t\t\t\t\t\t\t\t<\/div>\n\t\t<\/div>\n\n\t<\/div>\n\n<\/div><div class=\"modula-item effect-pufrobo\" >\n\t<div class=\"modula-item-overlay\"><\/div>\n\n\t<div class=\"modula-item-content\">\n\n\t\t<a data-image-id=\"1245\" role=\"button\" data-elementor-open-lightbox=\"no\" tabindex=\"0\" rel=\"jtg-1242\" data-caption=\"\" aria-label=\"Open image in lightbox\" class=\"tile-inner modula-item-link\"><\/a><img loading=\"lazy\" decoding=\"async\" class=\"pic wp-image-1245\"  data-valign=\"middle\" data-halign=\"center\" alt=\"\" data-full=\"https:\/\/anuario2023.torrefuerte.bo\/wp-content\/uploads\/2023\/12\/photo_5021790090673892216_y.jpg\" title=\"photo_5021790090673892216_y\" crop=\"\" width=\"1024\" height=\"768\" src=\"https:\/\/anuario2023.torrefuerte.bo\/wp-content\/uploads\/2023\/12\/photo_5021790090673892216_y-1024x768.jpg\" data-src=\"https:\/\/anuario2023.torrefuerte.bo\/wp-content\/uploads\/2023\/12\/photo_5021790090673892216_y-1024x768.jpg\" data-caption=\"\" srcset=\"https:\/\/anuario2023.torrefuerte.bo\/wp-content\/uploads\/2023\/12\/photo_5021790090673892216_y.jpg 1280w, https:\/\/anuario2023.torrefuerte.bo\/wp-content\/uploads\/2023\/12\/photo_5021790090673892216_y-300x225.jpg 300w, https:\/\/anuario2023.torrefuerte.bo\/wp-content\/uploads\/2023\/12\/photo_5021790090673892216_y-1024x768.jpg 1024w, https:\/\/anuario2023.torrefuerte.bo\/wp-content\/uploads\/2023\/12\/photo_5021790090673892216_y-768x576.jpg 768w, https:\/\/anuario2023.torrefuerte.bo\/wp-content\/uploads\/2023\/12\/photo_5021790090673892216_y-1170x878.jpg 1170w\" sizes=\"(max-width: 1024px) 100vw, 1024px\" \/>\n\t\t<div class=\"figc no-description\">\n\t\t\t<div class=\"figc-inner\">\n\t\t\t\t\t\t\t\t\t\t\t\t\t\t\t<\/div>\n\t\t<\/div>\n\n\t<\/div>\n\n<\/div><div class=\"modula-item effect-pufrobo\" >\n\t<div class=\"modula-item-overlay\"><\/div>\n\n\t<div class=\"modula-item-content\">\n\n\t\t<a data-image-id=\"1246\" role=\"button\" data-elementor-open-lightbox=\"no\" tabindex=\"0\" rel=\"jtg-1242\" data-caption=\"\" aria-label=\"Open image in lightbox\" class=\"tile-inner modula-item-link\"><\/a><img loading=\"lazy\" decoding=\"async\" class=\"pic wp-image-1246\"  data-valign=\"middle\" data-halign=\"center\" alt=\"\" data-full=\"https:\/\/anuario2023.torrefuerte.bo\/wp-content\/uploads\/2023\/12\/photo_5021790090673892219_y.jpg\" title=\"photo_5021790090673892219_y\" crop=\"\" width=\"1024\" height=\"769\" src=\"https:\/\/anuario2023.torrefuerte.bo\/wp-content\/uploads\/2023\/12\/photo_5021790090673892219_y-1024x769.jpg\" data-src=\"https:\/\/anuario2023.torrefuerte.bo\/wp-content\/uploads\/2023\/12\/photo_5021790090673892219_y-1024x769.jpg\" data-caption=\"\" srcset=\"https:\/\/anuario2023.torrefuerte.bo\/wp-content\/uploads\/2023\/12\/photo_5021790090673892219_y.jpg 1280w, https:\/\/anuario2023.torrefuerte.bo\/wp-content\/uploads\/2023\/12\/photo_5021790090673892219_y-300x225.jpg 300w, https:\/\/anuario2023.torrefuerte.bo\/wp-content\/uploads\/2023\/12\/photo_5021790090673892219_y-1024x769.jpg 1024w, https:\/\/anuario2023.torrefuerte.bo\/wp-content\/uploads\/2023\/12\/photo_5021790090673892219_y-768x577.jpg 768w, https:\/\/anuario2023.torrefuerte.bo\/wp-content\/uploads\/2023\/12\/photo_5021790090673892219_y-1170x878.jpg 1170w\" sizes=\"(max-width: 1024px) 100vw, 1024px\" \/>\n\t\t<div class=\"figc no-description\">\n\t\t\t<div class=\"figc-inner\">\n\t\t\t\t\t\t\t\t\t\t\t\t\t\t\t<\/div>\n\t\t<\/div>\n\n\t<\/div>\n\n<\/div><div class=\"modula-item effect-pufrobo\" >\n\t<div class=\"modula-item-overlay\"><\/div>\n\n\t<div class=\"modula-item-content\">\n\n\t\t<a data-image-id=\"1247\" role=\"button\" data-elementor-open-lightbox=\"no\" tabindex=\"0\" rel=\"jtg-1242\" data-caption=\"\" aria-label=\"Open image in lightbox\" class=\"tile-inner modula-item-link\"><\/a><img loading=\"lazy\" decoding=\"async\" class=\"pic wp-image-1247\"  data-valign=\"middle\" data-halign=\"center\" alt=\"\" data-full=\"https:\/\/anuario2023.torrefuerte.bo\/wp-content\/uploads\/2023\/12\/photo_5021790090673892225_y.jpg\" title=\"photo_5021790090673892225_y\" crop=\"\" width=\"1024\" height=\"768\" src=\"https:\/\/anuario2023.torrefuerte.bo\/wp-content\/uploads\/2023\/12\/photo_5021790090673892225_y-1024x768.jpg\" data-src=\"https:\/\/anuario2023.torrefuerte.bo\/wp-content\/uploads\/2023\/12\/photo_5021790090673892225_y-1024x768.jpg\" data-caption=\"\" srcset=\"https:\/\/anuario2023.torrefuerte.bo\/wp-content\/uploads\/2023\/12\/photo_5021790090673892225_y.jpg 1280w, https:\/\/anuario2023.torrefuerte.bo\/wp-content\/uploads\/2023\/12\/photo_5021790090673892225_y-300x225.jpg 300w, https:\/\/anuario2023.torrefuerte.bo\/wp-content\/uploads\/2023\/12\/photo_5021790090673892225_y-1024x768.jpg 1024w, https:\/\/anuario2023.torrefuerte.bo\/wp-content\/uploads\/2023\/12\/photo_5021790090673892225_y-768x576.jpg 768w, https:\/\/anuario2023.torrefuerte.bo\/wp-content\/uploads\/2023\/12\/photo_5021790090673892225_y-1170x878.jpg 1170w\" sizes=\"(max-width: 1024px) 100vw, 1024px\" \/>\n\t\t<div class=\"figc no-description\">\n\t\t\t<div class=\"figc-inner\">\n\t\t\t\t\t\t\t\t\t\t\t\t\t\t\t<\/div>\n\t\t<\/div>\n\n\t<\/div>\n\n<\/div><div class=\"modula-item effect-pufrobo\" >\n\t<div class=\"modula-item-overlay\"><\/div>\n\n\t<div class=\"modula-item-content\">\n\n\t\t<a data-image-id=\"1248\" role=\"button\" data-elementor-open-lightbox=\"no\" tabindex=\"0\" rel=\"jtg-1242\" data-caption=\"\" aria-label=\"Open image in lightbox\" class=\"tile-inner modula-item-link\"><\/a><img loading=\"lazy\" decoding=\"async\" class=\"pic wp-image-1248\"  data-valign=\"middle\" data-halign=\"center\" alt=\"\" data-full=\"https:\/\/anuario2023.torrefuerte.bo\/wp-content\/uploads\/2023\/12\/photo_5021790090673892231_y.jpg\" title=\"photo_5021790090673892231_y\" crop=\"\" width=\"768\" height=\"1024\" src=\"https:\/\/anuario2023.torrefuerte.bo\/wp-content\/uploads\/2023\/12\/photo_5021790090673892231_y.jpg\" data-src=\"https:\/\/anuario2023.torrefuerte.bo\/wp-content\/uploads\/2023\/12\/photo_5021790090673892231_y.jpg\" data-caption=\"\" srcset=\"https:\/\/anuario2023.torrefuerte.bo\/wp-content\/uploads\/2023\/12\/photo_5021790090673892231_y.jpg 768w, https:\/\/anuario2023.torrefuerte.bo\/wp-content\/uploads\/2023\/12\/photo_5021790090673892231_y-225x300.jpg 225w\" sizes=\"(max-width: 768px) 100vw, 768px\" \/>\n\t\t<div class=\"figc no-description\">\n\t\t\t<div class=\"figc-inner\">\n\t\t\t\t\t\t\t\t\t\t\t\t\t\t\t<\/div>\n\t\t<\/div>\n\n\t<\/div>\n\n<\/div><div class=\"modula-item effect-pufrobo\" >\n\t<div class=\"modula-item-overlay\"><\/div>\n\n\t<div class=\"modula-item-content\">\n\n\t\t<a data-image-id=\"1249\" role=\"button\" data-elementor-open-lightbox=\"no\" tabindex=\"0\" rel=\"jtg-1242\" data-caption=\"\" aria-label=\"Open image in lightbox\" class=\"tile-inner modula-item-link\"><\/a><img loading=\"lazy\" decoding=\"async\" class=\"pic wp-image-1249\"  data-valign=\"middle\" data-halign=\"center\" alt=\"\" data-full=\"https:\/\/anuario2023.torrefuerte.bo\/wp-content\/uploads\/2023\/12\/photo_5021790090673892237_y.jpg\" title=\"photo_5021790090673892237_y\" crop=\"\" width=\"1024\" height=\"768\" src=\"https:\/\/anuario2023.torrefuerte.bo\/wp-content\/uploads\/2023\/12\/photo_5021790090673892237_y.jpg\" data-src=\"https:\/\/anuario2023.torrefuerte.bo\/wp-content\/uploads\/2023\/12\/photo_5021790090673892237_y.jpg\" data-caption=\"\" srcset=\"https:\/\/anuario2023.torrefuerte.bo\/wp-content\/uploads\/2023\/12\/photo_5021790090673892237_y.jpg 1024w, https:\/\/anuario2023.torrefuerte.bo\/wp-content\/uploads\/2023\/12\/photo_5021790090673892237_y-300x225.jpg 300w, https:\/\/anuario2023.torrefuerte.bo\/wp-content\/uploads\/2023\/12\/photo_5021790090673892237_y-768x576.jpg 768w\" sizes=\"(max-width: 1024px) 100vw, 1024px\" \/>\n\t\t<div class=\"figc no-description\">\n\t\t\t<div class=\"figc-inner\">\n\t\t\t\t\t\t\t\t\t\t\t\t\t\t\t<\/div>\n\t\t<\/div>\n\n\t<\/div>\n\n<\/div><div class=\"modula-item effect-pufrobo\" >\n\t<div class=\"modula-item-overlay\"><\/div>\n\n\t<div class=\"modula-item-content\">\n\n\t\t<a data-image-id=\"1250\" role=\"button\" data-elementor-open-lightbox=\"no\" tabindex=\"0\" rel=\"jtg-1242\" data-caption=\"\" aria-label=\"Open image in lightbox\" class=\"tile-inner modula-item-link\"><\/a><img loading=\"lazy\" decoding=\"async\" class=\"pic wp-image-1250\"  data-valign=\"middle\" data-halign=\"center\" alt=\"\" data-full=\"https:\/\/anuario2023.torrefuerte.bo\/wp-content\/uploads\/2023\/12\/photo_5039968947776105301_y.jpg\" title=\"photo_5039968947776105301_y\" crop=\"\" width=\"1024\" height=\"845\" src=\"https:\/\/anuario2023.torrefuerte.bo\/wp-content\/uploads\/2023\/12\/photo_5039968947776105301_y-1024x845.jpg\" data-src=\"https:\/\/anuario2023.torrefuerte.bo\/wp-content\/uploads\/2023\/12\/photo_5039968947776105301_y-1024x845.jpg\" data-caption=\"\" srcset=\"https:\/\/anuario2023.torrefuerte.bo\/wp-content\/uploads\/2023\/12\/photo_5039968947776105301_y.jpg 1280w, https:\/\/anuario2023.torrefuerte.bo\/wp-content\/uploads\/2023\/12\/photo_5039968947776105301_y-300x248.jpg 300w, https:\/\/anuario2023.torrefuerte.bo\/wp-content\/uploads\/2023\/12\/photo_5039968947776105301_y-1024x845.jpg 1024w, https:\/\/anuario2023.torrefuerte.bo\/wp-content\/uploads\/2023\/12\/photo_5039968947776105301_y-768x634.jpg 768w, https:\/\/anuario2023.torrefuerte.bo\/wp-content\/uploads\/2023\/12\/photo_5039968947776105301_y-1170x965.jpg 1170w\" sizes=\"(max-width: 1024px) 100vw, 1024px\" \/>\n\t\t<div class=\"figc no-description\">\n\t\t\t<div class=\"figc-inner\">\n\t\t\t\t\t\t\t\t\t\t\t\t\t\t\t<\/div>\n\t\t<\/div>\n\n\t<\/div>\n\n<\/div>\t\t\n\t<\/div>\n\n\t\n\t\n\t<script type=\"application\/ld+json\">\n\t{\n\t\t\"@context\": \"http:\/\/schema.org\",\n\t\t\"@type\"   : \"ImageGallery\",\n\t\t\"id\"      : \"https:\/\/anuario2023.torrefuerte.bo\/index.php\/campamentos\/campamento-venciendo-gigantes\/\",\n\t\t\"url\"     : \"https:\/\/anuario2023.torrefuerte.bo\/index.php\/campamentos\/campamento-venciendo-gigantes\/\"\n\t}\n\n\t<\/script>\n\n\t\n<\/div>\n\n\n\n<div class=\"wp-block-buttons is-layout-flex wp-block-buttons-is-layout-flex\">\n<div class=\"wp-block-button\"><a class=\"wp-block-button__link wp-element-button\" href=\"https:\/\/anuario2023.torrefuerte.bo\/index.php\/campamentos\/\">Volver<\/a><\/div>\n<\/div>\n","protected":false},"excerpt":{"rendered":"<p>El primer campamento de la Red de Juveniles Holy Youth tuvo lugar del 14 al 16 de julio, y cont\u00f3 con la participaci\u00f3n entusiasta de m\u00e1s de 100 j\u00f3venes de entre 13 y 20 a\u00f1os. El evento se llev\u00f3 a cabo en la quinta de Torre Fuerte Ekklesia, con el prop\u00f3sito de promover el desarrollo [&hellip;]<\/p>\n","protected":false},"author":2,"featured_media":0,"parent":126,"menu_order":3,"comment_status":"closed","ping_status":"closed","template":"","meta":{"om_disable_all_campaigns":false,"_monsterinsights_skip_tracking":false,"_monsterinsights_sitenote_active":false,"_monsterinsights_sitenote_note":"","_monsterinsights_sitenote_category":0,"_uf_show_specific_survey":0,"_uf_disable_surveys":false,"footnotes":""},"class_list":["post-137","page","type-page","status-publish","hentry"],"aioseo_notices":[],"_links":{"self":[{"href":"https:\/\/anuario2023.torrefuerte.bo\/index.php\/wp-json\/wp\/v2\/pages\/137","targetHints":{"allow":["GET"]}}],"collection":[{"href":"https:\/\/anuario2023.torrefuerte.bo\/index.php\/wp-json\/wp\/v2\/pages"}],"about":[{"href":"https:\/\/anuario2023.torrefuerte.bo\/index.php\/wp-json\/wp\/v2\/types\/page"}],"author":[{"embeddable":true,"href":"https:\/\/anuario2023.torrefuerte.bo\/index.php\/wp-json\/wp\/v2\/users\/2"}],"replies":[{"embeddable":true,"href":"https:\/\/anuario2023.torrefuerte.bo\/index.php\/wp-json\/wp\/v2\/comments?post=137"}],"version-history":[{"count":4,"href":"https:\/\/anuario2023.torrefuerte.bo\/index.php\/wp-json\/wp\/v2\/pages\/137\/revisions"}],"predecessor-version":[{"id":1316,"href":"https:\/\/anuario2023.torrefuerte.bo\/index.php\/wp-json\/wp\/v2\/pages\/137\/revisions\/1316"}],"up":[{"embeddable":true,"href":"https:\/\/anuario2023.torrefuerte.bo\/index.php\/wp-json\/wp\/v2\/pages\/126"}],"wp:attachment":[{"href":"https:\/\/anuario2023.torrefuerte.bo\/index.php\/wp-json\/wp\/v2\/media?parent=137"}],"curies":[{"name":"wp","href":"https:\/\/api.w.org\/{rel}","templated":true}]}}