{"id":1202,"date":"2023-12-13T16:16:11","date_gmt":"2023-12-13T16:16:11","guid":{"rendered":"https:\/\/anuario2023.torrefuerte.bo\/?page_id=1202"},"modified":"2023-12-13T20:33:39","modified_gmt":"2023-12-13T20:33:39","slug":"agua-de-vida-eterna","status":"publish","type":"page","link":"https:\/\/anuario2023.torrefuerte.bo\/index.php\/agua-de-vida-eterna\/","title":{"rendered":"Agua de Vida Eterna"},"content":{"rendered":"\n<p class=\"has-text-align-center\"><strong>Lanzamiento canci\u00f3n de Eliana Midddagh<\/strong><\/p>\n\n\n\n<p>La Canci\u00f3n Agua de Vida Eterna, nace durante un ayuno de liderazgo.\u00a0 <\/p>\n\n\n\n<p>En medio de la b\u00fasqueda de Dios, la Pra Eliana Middagh&nbsp; recibe una melod\u00eda en su mente, comprendiendo que Dios le estaba regalando una canci\u00f3n. <\/p>\n\n\n\n<p>Inicialmente, se siente renuente a compartir la canci\u00f3n, pero tras orar, recibe la confirmaci\u00f3n de que la canci\u00f3n es un regalo de Dios para bendici\u00f3n.\u00a0<\/p>\n\n\n\n<p>Con la convicci\u00f3n de compartirla, la canci\u00f3n Agua de Vida Eterna es grabada en tres etapas, cada una marcada por experiencias que reflejan la intervenci\u00f3n divina, desde la grabaci\u00f3n del audio hasta la producci\u00f3n del videoclip. <\/p>\n\n\n\n<p>Este relato destaca la obra milagrosa de Dios en el proceso creativo de la canci\u00f3n y su impacto en la comunidad.<\/p>\n\n\n\n<figure class=\"wp-block-embed is-type-video is-provider-youtube wp-block-embed-youtube wp-embed-aspect-16-9 wp-has-aspect-ratio\"><div class=\"wp-block-embed__wrapper\">\n<iframe title=\"Agua de Vida Eterna\" width=\"1170\" height=\"658\" src=\"https:\/\/www.youtube.com\/embed\/neieM-eOWdY?feature=oembed\" frameborder=\"0\" allow=\"accelerometer; autoplay; clipboard-write; encrypted-media; gyroscope; picture-in-picture; web-share\" allowfullscreen><\/iframe>\n<\/div><\/figure>\n\n\n\n<div class=\"wp-block-buttons is-layout-flex wp-block-buttons-is-layout-flex\">\n<div class=\"wp-block-button\"><a class=\"wp-block-button__link wp-element-button\" href=\"https:\/\/anuario2023.torrefuerte.bo\/index.php\/eventos\/congre\/\">Volver<\/a><\/div>\n<\/div>\n","protected":false},"excerpt":{"rendered":"<p>Lanzamiento canci\u00f3n de Eliana Midddagh La Canci\u00f3n Agua de Vida Eterna, nace durante un ayuno de liderazgo.\u00a0 En medio de la b\u00fasqueda de Dios, la Pra Eliana Middagh&nbsp; recibe una melod\u00eda en su mente, comprendiendo que Dios le estaba regalando una canci\u00f3n. Inicialmente, se siente renuente a compartir la canci\u00f3n, pero tras orar, recibe la [&hellip;]<\/p>\n","protected":false},"author":2,"featured_media":0,"parent":0,"menu_order":0,"comment_status":"closed","ping_status":"closed","template":"","meta":{"om_disable_all_campaigns":false,"_monsterinsights_skip_tracking":false,"_monsterinsights_sitenote_active":false,"_monsterinsights_sitenote_note":"","_monsterinsights_sitenote_category":0,"_uf_show_specific_survey":0,"_uf_disable_surveys":false,"footnotes":""},"class_list":["post-1202","page","type-page","status-publish","hentry"],"aioseo_notices":[],"_links":{"self":[{"href":"https:\/\/anuario2023.torrefuerte.bo\/index.php\/wp-json\/wp\/v2\/pages\/1202","targetHints":{"allow":["GET"]}}],"collection":[{"href":"https:\/\/anuario2023.torrefuerte.bo\/index.php\/wp-json\/wp\/v2\/pages"}],"about":[{"href":"https:\/\/anuario2023.torrefuerte.bo\/index.php\/wp-json\/wp\/v2\/types\/page"}],"author":[{"embeddable":true,"href":"https:\/\/anuario2023.torrefuerte.bo\/index.php\/wp-json\/wp\/v2\/users\/2"}],"replies":[{"embeddable":true,"href":"https:\/\/anuario2023.torrefuerte.bo\/index.php\/wp-json\/wp\/v2\/comments?post=1202"}],"version-history":[{"count":4,"href":"https:\/\/anuario2023.torrefuerte.bo\/index.php\/wp-json\/wp\/v2\/pages\/1202\/revisions"}],"predecessor-version":[{"id":1229,"href":"https:\/\/anuario2023.torrefuerte.bo\/index.php\/wp-json\/wp\/v2\/pages\/1202\/revisions\/1229"}],"wp:attachment":[{"href":"https:\/\/anuario2023.torrefuerte.bo\/index.php\/wp-json\/wp\/v2\/media?parent=1202"}],"curies":[{"name":"wp","href":"https:\/\/api.w.org\/{rel}","templated":true}]}}